{"id":1000,"date":"2025-11-26T23:37:28","date_gmt":"2025-11-26T23:37:28","guid":{"rendered":"https:\/\/agenciawebguadalajara.com\/emb\/producto\/pinza-harmonic-longitus-36-cm-diametro-5cm-att\/"},"modified":"2025-11-26T23:37:28","modified_gmt":"2025-11-26T23:37:28","slug":"pinza-harmonic-longitus-36-cm-diametro-5cm-att","status":"publish","type":"product","link":"https:\/\/agenciawebguadalajara.com\/emb\/producto\/pinza-harmonic-longitus-36-cm-diametro-5cm-att\/","title":{"rendered":"PINZA HARMONIC LONGITUS 36 CM DIAMETRO 5CM (ATT)"},"content":{"rendered":"<p>La\u00a0pinza HARMONIC\u00a0con\u00a0longitud de 36 cm\u00a0y\u00a0di\u00e1metro de 5 mm\u00a0(que es lo que com\u00fanmente se comercializa, no 5 cm) es un instrumento quir\u00fargico ultras\u00f3nico laparosc\u00f3pico utilizado para corte y coagulaci\u00f3n de tejidos, con tecnolog\u00eda adaptativa tisular (ATT). El c\u00f3digo de producto com\u00fan para este art\u00edculo de Ethicon (Johnson &#038; Johnson) es\u00a0HAR36<\/p>\n","protected":false},"excerpt":{"rendered":"<p>Es un instrumento quir\u00fargico ultras\u00f3nico dise\u00f1ado para el corte y la coagulaci\u00f3n simult\u00e1nea de tejidos y vasos de hasta 5 mm de di\u00e1metro.<\/p>\n","protected":false},"featured_media":544,"template":"","meta":[],"product_brand":[],"product_cat":[32],"product_tag":[31],"class_list":{"0":"post-1000","1":"product","2":"type-product","3":"status-publish","4":"has-post-thumbnail","6":"product_cat-insumo-medico","7":"product_tag-ethicon","9":"first","10":"instock","11":"product-type-simple"},"_links":{"self":[{"href":"https:\/\/agenciawebguadalajara.com\/emb\/wp-json\/wp\/v2\/product\/1000","targetHints":{"allow":["GET"]}}],"collection":[{"href":"https:\/\/agenciawebguadalajara.com\/emb\/wp-json\/wp\/v2\/product"}],"about":[{"href":"https:\/\/agenciawebguadalajara.com\/emb\/wp-json\/wp\/v2\/types\/product"}],"version-history":[{"count":1,"href":"https:\/\/agenciawebguadalajara.com\/emb\/wp-json\/wp\/v2\/product\/1000\/revisions"}],"predecessor-version":[{"id":1001,"href":"https:\/\/agenciawebguadalajara.com\/emb\/wp-json\/wp\/v2\/product\/1000\/revisions\/1001"}],"wp:featuredmedia":[{"embeddable":true,"href":"https:\/\/agenciawebguadalajara.com\/emb\/wp-json\/wp\/v2\/media\/544"}],"wp:attachment":[{"href":"https:\/\/agenciawebguadalajara.com\/emb\/wp-json\/wp\/v2\/media?parent=1000"}],"wp:term":[{"taxonomy":"product_brand","embeddable":true,"href":"https:\/\/agenciawebguadalajara.com\/emb\/wp-json\/wp\/v2\/product_brand?post=1000"},{"taxonomy":"product_cat","embeddable":true,"href":"https:\/\/agenciawebguadalajara.com\/emb\/wp-json\/wp\/v2\/product_cat?post=1000"},{"taxonomy":"product_tag","embeddable":true,"href":"https:\/\/agenciawebguadalajara.com\/emb\/wp-json\/wp\/v2\/product_tag?post=1000"}],"curies":[{"name":"wp","href":"https:\/\/api.w.org\/{rel}","templated":true}]}}