{"id":1004,"date":"2025-11-26T23:37:28","date_gmt":"2025-11-26T23:37:28","guid":{"rendered":"https:\/\/agenciawebguadalajara.com\/emb\/producto\/endo-bag-10-mm-bolsa-5x8-p-especimen\/"},"modified":"2025-11-26T23:37:28","modified_gmt":"2025-11-26T23:37:28","slug":"endo-bag-10-mm-bolsa-5x8-p-especimen","status":"publish","type":"product","link":"https:\/\/agenciawebguadalajara.com\/emb\/producto\/endo-bag-10-mm-bolsa-5x8-p-especimen\/","title":{"rendered":"ENDO BAG 10 MM BOLSA 5X8  P\/ESPECIMEN"},"content":{"rendered":"<p>A\u00edsla y contiene muestras de tejido, \u00f3rganos o c\u00e1lculos (como ves\u00edculas biliares, ap\u00e9ndices, miomas, ovarios, secciones de intestino) para su extracci\u00f3n segura de la cavidad corporal, minimizando el riesgo de derrame y contaminaci\u00f3n intraoperatoria (por ejemplo, en casos de tumores malignos o infecciones).<\/p>\n","protected":false},"excerpt":{"rendered":"<p>Bolsa est\u00e9ril desechable utilizada en cirug\u00eda laparosc\u00f3pica para la recuperaci\u00f3n segura de muestras de tejido<\/p>\n","protected":false},"featured_media":487,"template":"","meta":[],"product_brand":[],"product_cat":[32],"product_tag":[],"class_list":{"0":"post-1004","1":"product","2":"type-product","3":"status-publish","4":"has-post-thumbnail","6":"product_cat-insumo-medico","8":"first","9":"instock","10":"product-type-simple"},"_links":{"self":[{"href":"https:\/\/agenciawebguadalajara.com\/emb\/wp-json\/wp\/v2\/product\/1004","targetHints":{"allow":["GET"]}}],"collection":[{"href":"https:\/\/agenciawebguadalajara.com\/emb\/wp-json\/wp\/v2\/product"}],"about":[{"href":"https:\/\/agenciawebguadalajara.com\/emb\/wp-json\/wp\/v2\/types\/product"}],"version-history":[{"count":1,"href":"https:\/\/agenciawebguadalajara.com\/emb\/wp-json\/wp\/v2\/product\/1004\/revisions"}],"predecessor-version":[{"id":1005,"href":"https:\/\/agenciawebguadalajara.com\/emb\/wp-json\/wp\/v2\/product\/1004\/revisions\/1005"}],"wp:featuredmedia":[{"embeddable":true,"href":"https:\/\/agenciawebguadalajara.com\/emb\/wp-json\/wp\/v2\/media\/487"}],"wp:attachment":[{"href":"https:\/\/agenciawebguadalajara.com\/emb\/wp-json\/wp\/v2\/media?parent=1004"}],"wp:term":[{"taxonomy":"product_brand","embeddable":true,"href":"https:\/\/agenciawebguadalajara.com\/emb\/wp-json\/wp\/v2\/product_brand?post=1004"},{"taxonomy":"product_cat","embeddable":true,"href":"https:\/\/agenciawebguadalajara.com\/emb\/wp-json\/wp\/v2\/product_cat?post=1004"},{"taxonomy":"product_tag","embeddable":true,"href":"https:\/\/agenciawebguadalajara.com\/emb\/wp-json\/wp\/v2\/product_tag?post=1004"}],"curies":[{"name":"wp","href":"https:\/\/api.w.org\/{rel}","templated":true}]}}