{"id":1006,"date":"2025-11-26T23:37:28","date_gmt":"2025-11-26T23:37:28","guid":{"rendered":"https:\/\/agenciawebguadalajara.com\/emb\/producto\/sistema-de-visualizacion-clearify-covidien\/"},"modified":"2025-11-26T23:37:28","modified_gmt":"2025-11-26T23:37:28","slug":"sistema-de-visualizacion-clearify-covidien","status":"publish","type":"product","link":"https:\/\/agenciawebguadalajara.com\/emb\/producto\/sistema-de-visualizacion-clearify-covidien\/","title":{"rendered":"SISTEMA DE VISUALIZACION CLEARIFY COVIDIEN"},"content":{"rendered":"<p>Es un dispositivo m\u00e9dico integral y de un solo uso dise\u00f1ado para\u00a0mejorar la visibilidad\u00a0durante procedimientos laparosc\u00f3picos y rob\u00f3ticos<\/p>\n","protected":false},"excerpt":{"rendered":"<p>Es un dispositivo m\u00e9dico quir\u00fargico\u00a0desechable, todo en uno, dise\u00f1ado para mejorar la visualizaci\u00f3n durante procedimientos laparosc\u00f3picos y rob\u00f3ticos<\/p>\n","protected":false},"featured_media":563,"template":"","meta":[],"product_brand":[],"product_cat":[32],"product_tag":[41],"class_list":{"0":"post-1006","1":"product","2":"type-product","3":"status-publish","4":"has-post-thumbnail","6":"product_cat-insumo-medico","7":"product_tag-covidien","9":"first","10":"instock","11":"product-type-simple"},"_links":{"self":[{"href":"https:\/\/agenciawebguadalajara.com\/emb\/wp-json\/wp\/v2\/product\/1006","targetHints":{"allow":["GET"]}}],"collection":[{"href":"https:\/\/agenciawebguadalajara.com\/emb\/wp-json\/wp\/v2\/product"}],"about":[{"href":"https:\/\/agenciawebguadalajara.com\/emb\/wp-json\/wp\/v2\/types\/product"}],"version-history":[{"count":1,"href":"https:\/\/agenciawebguadalajara.com\/emb\/wp-json\/wp\/v2\/product\/1006\/revisions"}],"predecessor-version":[{"id":1007,"href":"https:\/\/agenciawebguadalajara.com\/emb\/wp-json\/wp\/v2\/product\/1006\/revisions\/1007"}],"wp:featuredmedia":[{"embeddable":true,"href":"https:\/\/agenciawebguadalajara.com\/emb\/wp-json\/wp\/v2\/media\/563"}],"wp:attachment":[{"href":"https:\/\/agenciawebguadalajara.com\/emb\/wp-json\/wp\/v2\/media?parent=1006"}],"wp:term":[{"taxonomy":"product_brand","embeddable":true,"href":"https:\/\/agenciawebguadalajara.com\/emb\/wp-json\/wp\/v2\/product_brand?post=1006"},{"taxonomy":"product_cat","embeddable":true,"href":"https:\/\/agenciawebguadalajara.com\/emb\/wp-json\/wp\/v2\/product_cat?post=1006"},{"taxonomy":"product_tag","embeddable":true,"href":"https:\/\/agenciawebguadalajara.com\/emb\/wp-json\/wp\/v2\/product_tag?post=1006"}],"curies":[{"name":"wp","href":"https:\/\/api.w.org\/{rel}","templated":true}]}}