{"id":1008,"date":"2025-11-26T23:37:28","date_gmt":"2025-11-26T23:37:28","guid":{"rendered":"https:\/\/agenciawebguadalajara.com\/emb\/producto\/sistema-dec-solucion-irrigacion-epix-de-5mm-x33cm\/"},"modified":"2025-11-26T23:37:29","modified_gmt":"2025-11-26T23:37:29","slug":"sistema-dec-solucion-irrigacion-epix-de-5mm-x33cm","status":"publish","type":"product","link":"https:\/\/agenciawebguadalajara.com\/emb\/producto\/sistema-dec-solucion-irrigacion-epix-de-5mm-x33cm\/","title":{"rendered":"SISTEMA DEC SOLUCION\/IRRIGACION EPIX, DE 5MM X33CM"},"content":{"rendered":"<p>\u00a0Este sistema permite la irrigaci\u00f3n (introducci\u00f3n de l\u00edquidos) y la succi\u00f3n (eliminaci\u00f3n de l\u00edquidos y desechos) durante procedimientos laparosc\u00f3picos.<\/p>\n","protected":false},"excerpt":{"rendered":"<p>Est\u00e1 dise\u00f1ado como un dispositivo general de succi\u00f3n y\/o irrigaci\u00f3n para uso en cirug\u00eda general laparosc\u00f3pica y abierta, cirug\u00eda ginecol\u00f3gica y urol\u00f3gica<\/p>\n","protected":false},"featured_media":562,"template":"","meta":[],"product_brand":[],"product_cat":[32],"product_tag":[],"class_list":{"0":"post-1008","1":"product","2":"type-product","3":"status-publish","4":"has-post-thumbnail","6":"product_cat-insumo-medico","8":"first","9":"instock","10":"product-type-simple"},"_links":{"self":[{"href":"https:\/\/agenciawebguadalajara.com\/emb\/wp-json\/wp\/v2\/product\/1008","targetHints":{"allow":["GET"]}}],"collection":[{"href":"https:\/\/agenciawebguadalajara.com\/emb\/wp-json\/wp\/v2\/product"}],"about":[{"href":"https:\/\/agenciawebguadalajara.com\/emb\/wp-json\/wp\/v2\/types\/product"}],"version-history":[{"count":1,"href":"https:\/\/agenciawebguadalajara.com\/emb\/wp-json\/wp\/v2\/product\/1008\/revisions"}],"predecessor-version":[{"id":1009,"href":"https:\/\/agenciawebguadalajara.com\/emb\/wp-json\/wp\/v2\/product\/1008\/revisions\/1009"}],"wp:featuredmedia":[{"embeddable":true,"href":"https:\/\/agenciawebguadalajara.com\/emb\/wp-json\/wp\/v2\/media\/562"}],"wp:attachment":[{"href":"https:\/\/agenciawebguadalajara.com\/emb\/wp-json\/wp\/v2\/media?parent=1008"}],"wp:term":[{"taxonomy":"product_brand","embeddable":true,"href":"https:\/\/agenciawebguadalajara.com\/emb\/wp-json\/wp\/v2\/product_brand?post=1008"},{"taxonomy":"product_cat","embeddable":true,"href":"https:\/\/agenciawebguadalajara.com\/emb\/wp-json\/wp\/v2\/product_cat?post=1008"},{"taxonomy":"product_tag","embeddable":true,"href":"https:\/\/agenciawebguadalajara.com\/emb\/wp-json\/wp\/v2\/product_tag?post=1008"}],"curies":[{"name":"wp","href":"https:\/\/api.w.org\/{rel}","templated":true}]}}