{"id":1010,"date":"2025-11-26T23:37:28","date_gmt":"2025-11-26T23:37:28","guid":{"rendered":"https:\/\/agenciawebguadalajara.com\/emb\/producto\/cierre-de-puertos-endoclose-cooper-surgical\/"},"modified":"2025-11-26T23:37:29","modified_gmt":"2025-11-26T23:37:29","slug":"cierre-de-puertos-endoclose-cooper-surgical","status":"publish","type":"product","link":"https:\/\/agenciawebguadalajara.com\/emb\/producto\/cierre-de-puertos-endoclose-cooper-surgical\/","title":{"rendered":"CIERRE DE PUERTOS ENDOCLOSE COOPER SURGICAL"},"content":{"rendered":"<p>Se utiliza para pasar suturas a trav\u00e9s de las capas de tejido blando, asegurando un cierre fascial reproducible y completo bajo visualizaci\u00f3n directa.<\/p>\n","protected":false},"excerpt":{"rendered":"<p>Es un sistema dise\u00f1ado para el cierre r\u00e1pido, f\u00e1cil y completo de los sitios de puertos (incisiones) despu\u00e9s de procedimientos laparosc\u00f3picos,<\/p>\n","protected":false},"featured_media":476,"template":"","meta":[],"product_brand":[],"product_cat":[32],"product_tag":[],"class_list":{"0":"post-1010","1":"product","2":"type-product","3":"status-publish","4":"has-post-thumbnail","6":"product_cat-insumo-medico","8":"first","9":"instock","10":"product-type-simple"},"_links":{"self":[{"href":"https:\/\/agenciawebguadalajara.com\/emb\/wp-json\/wp\/v2\/product\/1010","targetHints":{"allow":["GET"]}}],"collection":[{"href":"https:\/\/agenciawebguadalajara.com\/emb\/wp-json\/wp\/v2\/product"}],"about":[{"href":"https:\/\/agenciawebguadalajara.com\/emb\/wp-json\/wp\/v2\/types\/product"}],"version-history":[{"count":1,"href":"https:\/\/agenciawebguadalajara.com\/emb\/wp-json\/wp\/v2\/product\/1010\/revisions"}],"predecessor-version":[{"id":1011,"href":"https:\/\/agenciawebguadalajara.com\/emb\/wp-json\/wp\/v2\/product\/1010\/revisions\/1011"}],"wp:featuredmedia":[{"embeddable":true,"href":"https:\/\/agenciawebguadalajara.com\/emb\/wp-json\/wp\/v2\/media\/476"}],"wp:attachment":[{"href":"https:\/\/agenciawebguadalajara.com\/emb\/wp-json\/wp\/v2\/media?parent=1010"}],"wp:term":[{"taxonomy":"product_brand","embeddable":true,"href":"https:\/\/agenciawebguadalajara.com\/emb\/wp-json\/wp\/v2\/product_brand?post=1010"},{"taxonomy":"product_cat","embeddable":true,"href":"https:\/\/agenciawebguadalajara.com\/emb\/wp-json\/wp\/v2\/product_cat?post=1010"},{"taxonomy":"product_tag","embeddable":true,"href":"https:\/\/agenciawebguadalajara.com\/emb\/wp-json\/wp\/v2\/product_tag?post=1010"}],"curies":[{"name":"wp","href":"https:\/\/api.w.org\/{rel}","templated":true}]}}