{"id":1014,"date":"2025-11-26T23:37:28","date_gmt":"2025-11-26T23:37:28","guid":{"rendered":"https:\/\/agenciawebguadalajara.com\/emb\/producto\/gancho-l-conmed-32-cm\/"},"modified":"2025-11-26T23:37:29","modified_gmt":"2025-11-26T23:37:29","slug":"gancho-l-conmed-32-cm","status":"publish","type":"product","link":"https:\/\/agenciawebguadalajara.com\/emb\/producto\/gancho-l-conmed-32-cm\/","title":{"rendered":"GANCHO L CONMED 32 CM"},"content":{"rendered":"<p>\u00a0Es un\u00a0electrodo laparosc\u00f3pico\u00a0utilizado en procedimientos electroquir\u00fargicos, disponible en versiones desechables y reutilizables, y con o sin irrigaci\u00f3n\/succi\u00f3n<\/p>\n","protected":false},"excerpt":{"rendered":"<p>Es un\u00a0electrodo reutilizable de 5 mm de di\u00e1metro y 32 cm de largo, dise\u00f1ado con un lumen de succi\u00f3n\/irrigaci\u00f3n<\/p>\n","protected":false},"featured_media":510,"template":"","meta":[],"product_brand":[],"product_cat":[32],"product_tag":[],"class_list":{"0":"post-1014","1":"product","2":"type-product","3":"status-publish","4":"has-post-thumbnail","6":"product_cat-insumo-medico","8":"first","9":"instock","10":"product-type-simple"},"_links":{"self":[{"href":"https:\/\/agenciawebguadalajara.com\/emb\/wp-json\/wp\/v2\/product\/1014","targetHints":{"allow":["GET"]}}],"collection":[{"href":"https:\/\/agenciawebguadalajara.com\/emb\/wp-json\/wp\/v2\/product"}],"about":[{"href":"https:\/\/agenciawebguadalajara.com\/emb\/wp-json\/wp\/v2\/types\/product"}],"version-history":[{"count":1,"href":"https:\/\/agenciawebguadalajara.com\/emb\/wp-json\/wp\/v2\/product\/1014\/revisions"}],"predecessor-version":[{"id":1015,"href":"https:\/\/agenciawebguadalajara.com\/emb\/wp-json\/wp\/v2\/product\/1014\/revisions\/1015"}],"wp:featuredmedia":[{"embeddable":true,"href":"https:\/\/agenciawebguadalajara.com\/emb\/wp-json\/wp\/v2\/media\/510"}],"wp:attachment":[{"href":"https:\/\/agenciawebguadalajara.com\/emb\/wp-json\/wp\/v2\/media?parent=1014"}],"wp:term":[{"taxonomy":"product_brand","embeddable":true,"href":"https:\/\/agenciawebguadalajara.com\/emb\/wp-json\/wp\/v2\/product_brand?post=1014"},{"taxonomy":"product_cat","embeddable":true,"href":"https:\/\/agenciawebguadalajara.com\/emb\/wp-json\/wp\/v2\/product_cat?post=1014"},{"taxonomy":"product_tag","embeddable":true,"href":"https:\/\/agenciawebguadalajara.com\/emb\/wp-json\/wp\/v2\/product_tag?post=1014"}],"curies":[{"name":"wp","href":"https:\/\/api.w.org\/{rel}","templated":true}]}}