{"id":1018,"date":"2025-11-26T23:37:28","date_gmt":"2025-11-26T23:37:28","guid":{"rendered":"https:\/\/agenciawebguadalajara.com\/emb\/producto\/sistema-de-irrigacion-y-succion-33cm\/"},"modified":"2025-11-27T00:22:29","modified_gmt":"2025-11-27T00:22:29","slug":"sistema-de-irrigacion-y-succion-33cm","status":"publish","type":"product","link":"https:\/\/agenciawebguadalajara.com\/emb\/producto\/sistema-de-irrigacion-y-succion-33cm\/","title":{"rendered":"SISTEMA DE IRRIGACION Y SUCCION 33CM"},"content":{"rendered":"<p>El sistema permite la\u00a0irrigaci\u00f3n\u00a0(introducci\u00f3n de l\u00edquidos, como soluci\u00f3n salina est\u00e9ril) para lavar la zona quir\u00fargica y la\u00a0succi\u00f3n\u00a0(aspiraci\u00f3n) simult\u00e1nea o selectiva de los l\u00edquidos, sangre, co\u00e1gulos, y otros residuos (detritos) fuera del campo de visi\u00f3n.<\/p>\n","protected":false},"excerpt":{"rendered":"<p>Sistema de irrigaci\u00f3n y succi\u00f3n dise\u00f1ado para procedimientos quir\u00fargicos laparosc\u00f3picos (cirug\u00eda de m\u00ednima invasi\u00f3n)<\/p>\n","protected":false},"featured_media":564,"template":"","meta":[],"product_brand":[],"product_cat":[32],"product_tag":[],"class_list":{"0":"post-1018","1":"product","2":"type-product","3":"status-publish","4":"has-post-thumbnail","6":"product_cat-insumo-medico","8":"first","9":"instock","10":"product-type-simple"},"_links":{"self":[{"href":"https:\/\/agenciawebguadalajara.com\/emb\/wp-json\/wp\/v2\/product\/1018","targetHints":{"allow":["GET"]}}],"collection":[{"href":"https:\/\/agenciawebguadalajara.com\/emb\/wp-json\/wp\/v2\/product"}],"about":[{"href":"https:\/\/agenciawebguadalajara.com\/emb\/wp-json\/wp\/v2\/types\/product"}],"version-history":[{"count":1,"href":"https:\/\/agenciawebguadalajara.com\/emb\/wp-json\/wp\/v2\/product\/1018\/revisions"}],"predecessor-version":[{"id":1019,"href":"https:\/\/agenciawebguadalajara.com\/emb\/wp-json\/wp\/v2\/product\/1018\/revisions\/1019"}],"wp:featuredmedia":[{"embeddable":true,"href":"https:\/\/agenciawebguadalajara.com\/emb\/wp-json\/wp\/v2\/media\/564"}],"wp:attachment":[{"href":"https:\/\/agenciawebguadalajara.com\/emb\/wp-json\/wp\/v2\/media?parent=1018"}],"wp:term":[{"taxonomy":"product_brand","embeddable":true,"href":"https:\/\/agenciawebguadalajara.com\/emb\/wp-json\/wp\/v2\/product_brand?post=1018"},{"taxonomy":"product_cat","embeddable":true,"href":"https:\/\/agenciawebguadalajara.com\/emb\/wp-json\/wp\/v2\/product_cat?post=1018"},{"taxonomy":"product_tag","embeddable":true,"href":"https:\/\/agenciawebguadalajara.com\/emb\/wp-json\/wp\/v2\/product_tag?post=1018"}],"curies":[{"name":"wp","href":"https:\/\/api.w.org\/{rel}","templated":true}]}}