{"id":1020,"date":"2025-11-26T23:37:28","date_gmt":"2025-11-26T23:37:28","guid":{"rendered":"https:\/\/agenciawebguadalajara.com\/emb\/producto\/surgitie-035-loop-covidien\/"},"modified":"2025-11-26T23:37:29","modified_gmt":"2025-11-26T23:37:29","slug":"surgitie-035-loop-covidien","status":"publish","type":"product","link":"https:\/\/agenciawebguadalajara.com\/emb\/producto\/surgitie-035-loop-covidien\/","title":{"rendered":"SURGITIE 0,35 LOOP COVIDIEN"},"content":{"rendered":"<p>Es un\u00a0asa de ligadura absorbible que se utiliza en procedimientos laparosc\u00f3picos para ligar vasos sangu\u00edneos y otras estructuras tubulares peque\u00f1as. Est\u00e1 disponible a trav\u00e9s de varios minoristas y distribuidores en l\u00ednea<\/p>\n","protected":false},"excerpt":{"rendered":"<p>Es un\u00a0asa de ligadura quir\u00fargica con sutura absorbible utilizada en procedimientos endosc\u00f3picos<\/p>\n","protected":false},"featured_media":567,"template":"","meta":[],"product_brand":[],"product_cat":[32],"product_tag":[41],"class_list":{"0":"post-1020","1":"product","2":"type-product","3":"status-publish","4":"has-post-thumbnail","6":"product_cat-insumo-medico","7":"product_tag-covidien","9":"first","10":"instock","11":"product-type-simple"},"_links":{"self":[{"href":"https:\/\/agenciawebguadalajara.com\/emb\/wp-json\/wp\/v2\/product\/1020","targetHints":{"allow":["GET"]}}],"collection":[{"href":"https:\/\/agenciawebguadalajara.com\/emb\/wp-json\/wp\/v2\/product"}],"about":[{"href":"https:\/\/agenciawebguadalajara.com\/emb\/wp-json\/wp\/v2\/types\/product"}],"version-history":[{"count":1,"href":"https:\/\/agenciawebguadalajara.com\/emb\/wp-json\/wp\/v2\/product\/1020\/revisions"}],"predecessor-version":[{"id":1021,"href":"https:\/\/agenciawebguadalajara.com\/emb\/wp-json\/wp\/v2\/product\/1020\/revisions\/1021"}],"wp:featuredmedia":[{"embeddable":true,"href":"https:\/\/agenciawebguadalajara.com\/emb\/wp-json\/wp\/v2\/media\/567"}],"wp:attachment":[{"href":"https:\/\/agenciawebguadalajara.com\/emb\/wp-json\/wp\/v2\/media?parent=1020"}],"wp:term":[{"taxonomy":"product_brand","embeddable":true,"href":"https:\/\/agenciawebguadalajara.com\/emb\/wp-json\/wp\/v2\/product_brand?post=1020"},{"taxonomy":"product_cat","embeddable":true,"href":"https:\/\/agenciawebguadalajara.com\/emb\/wp-json\/wp\/v2\/product_cat?post=1020"},{"taxonomy":"product_tag","embeddable":true,"href":"https:\/\/agenciawebguadalajara.com\/emb\/wp-json\/wp\/v2\/product_tag?post=1020"}],"curies":[{"name":"wp","href":"https:\/\/api.w.org\/{rel}","templated":true}]}}