{"id":1022,"date":"2025-11-26T23:37:28","date_gmt":"2025-11-26T23:37:28","guid":{"rendered":"https:\/\/agenciawebguadalajara.com\/emb\/producto\/endoolop-vicryl-ethicon\/"},"modified":"2025-11-26T23:37:29","modified_gmt":"2025-11-26T23:37:29","slug":"endoolop-vicryl-ethicon","status":"publish","type":"product","link":"https:\/\/agenciawebguadalajara.com\/emb\/producto\/endoolop-vicryl-ethicon\/","title":{"rendered":"ENDOOLOP VICRYL ETHICON"},"content":{"rendered":"<p>Est\u00e1 dise\u00f1ado para facilitar la ligadura de ped\u00edculos y asegurar estructuras tisulares durante la cirug\u00eda m\u00ednimamente invasiva.<\/p>\n","protected":false},"excerpt":{"rendered":"<p>Es una ligadura absorbible preanudada que se utiliza en procedimientos laparosc\u00f3picos para la ligadura de vasos y tejidos. Presenta una sutura trenzada violeta recubierta de Vicryl (poliglactina 910).<\/p>\n","protected":false},"featured_media":493,"template":"","meta":[],"product_brand":[],"product_cat":[32],"product_tag":[31],"class_list":{"0":"post-1022","1":"product","2":"type-product","3":"status-publish","4":"has-post-thumbnail","6":"product_cat-insumo-medico","7":"product_tag-ethicon","9":"first","10":"instock","11":"product-type-simple"},"_links":{"self":[{"href":"https:\/\/agenciawebguadalajara.com\/emb\/wp-json\/wp\/v2\/product\/1022","targetHints":{"allow":["GET"]}}],"collection":[{"href":"https:\/\/agenciawebguadalajara.com\/emb\/wp-json\/wp\/v2\/product"}],"about":[{"href":"https:\/\/agenciawebguadalajara.com\/emb\/wp-json\/wp\/v2\/types\/product"}],"version-history":[{"count":1,"href":"https:\/\/agenciawebguadalajara.com\/emb\/wp-json\/wp\/v2\/product\/1022\/revisions"}],"predecessor-version":[{"id":1023,"href":"https:\/\/agenciawebguadalajara.com\/emb\/wp-json\/wp\/v2\/product\/1022\/revisions\/1023"}],"wp:featuredmedia":[{"embeddable":true,"href":"https:\/\/agenciawebguadalajara.com\/emb\/wp-json\/wp\/v2\/media\/493"}],"wp:attachment":[{"href":"https:\/\/agenciawebguadalajara.com\/emb\/wp-json\/wp\/v2\/media?parent=1022"}],"wp:term":[{"taxonomy":"product_brand","embeddable":true,"href":"https:\/\/agenciawebguadalajara.com\/emb\/wp-json\/wp\/v2\/product_brand?post=1022"},{"taxonomy":"product_cat","embeddable":true,"href":"https:\/\/agenciawebguadalajara.com\/emb\/wp-json\/wp\/v2\/product_cat?post=1022"},{"taxonomy":"product_tag","embeddable":true,"href":"https:\/\/agenciawebguadalajara.com\/emb\/wp-json\/wp\/v2\/product_tag?post=1022"}],"curies":[{"name":"wp","href":"https:\/\/api.w.org\/{rel}","templated":true}]}}