{"id":1026,"date":"2025-11-26T23:37:28","date_gmt":"2025-11-26T23:37:28","guid":{"rendered":"https:\/\/agenciawebguadalajara.com\/emb\/producto\/pstol-han-control-probe-ii-ethicon\/"},"modified":"2025-11-26T23:37:30","modified_gmt":"2025-11-26T23:37:30","slug":"pstol-han-control-probe-ii-ethicon","status":"publish","type":"product","link":"https:\/\/agenciawebguadalajara.com\/emb\/producto\/pstol-han-control-probe-ii-ethicon\/","title":{"rendered":"PSTOL HAN CONTROL PROBE II ETHICON"},"content":{"rendered":"<p>El sistema facilita la disecci\u00f3n de tejidos, la coagulaci\u00f3n, la evacuaci\u00f3n de fluidos y la irrigaci\u00f3n, todo ello a trav\u00e9s de un \u00fanico dispositivo y una funda de trocar com\u00fan.<\/p>\n","protected":false},"excerpt":{"rendered":"<p>Este dispositivo es una sonda multifuncional de control manual que se utiliza en cirug\u00eda laparosc\u00f3pica.<\/p>\n","protected":false},"featured_media":549,"template":"","meta":[],"product_brand":[],"product_cat":[32],"product_tag":[31],"class_list":{"0":"post-1026","1":"product","2":"type-product","3":"status-publish","4":"has-post-thumbnail","6":"product_cat-insumo-medico","7":"product_tag-ethicon","9":"first","10":"instock","11":"product-type-simple"},"_links":{"self":[{"href":"https:\/\/agenciawebguadalajara.com\/emb\/wp-json\/wp\/v2\/product\/1026","targetHints":{"allow":["GET"]}}],"collection":[{"href":"https:\/\/agenciawebguadalajara.com\/emb\/wp-json\/wp\/v2\/product"}],"about":[{"href":"https:\/\/agenciawebguadalajara.com\/emb\/wp-json\/wp\/v2\/types\/product"}],"version-history":[{"count":1,"href":"https:\/\/agenciawebguadalajara.com\/emb\/wp-json\/wp\/v2\/product\/1026\/revisions"}],"predecessor-version":[{"id":1027,"href":"https:\/\/agenciawebguadalajara.com\/emb\/wp-json\/wp\/v2\/product\/1026\/revisions\/1027"}],"wp:featuredmedia":[{"embeddable":true,"href":"https:\/\/agenciawebguadalajara.com\/emb\/wp-json\/wp\/v2\/media\/549"}],"wp:attachment":[{"href":"https:\/\/agenciawebguadalajara.com\/emb\/wp-json\/wp\/v2\/media?parent=1026"}],"wp:term":[{"taxonomy":"product_brand","embeddable":true,"href":"https:\/\/agenciawebguadalajara.com\/emb\/wp-json\/wp\/v2\/product_brand?post=1026"},{"taxonomy":"product_cat","embeddable":true,"href":"https:\/\/agenciawebguadalajara.com\/emb\/wp-json\/wp\/v2\/product_cat?post=1026"},{"taxonomy":"product_tag","embeddable":true,"href":"https:\/\/agenciawebguadalajara.com\/emb\/wp-json\/wp\/v2\/product_tag?post=1026"}],"curies":[{"name":"wp","href":"https:\/\/api.w.org\/{rel}","templated":true}]}}