{"id":1028,"date":"2025-11-26T23:37:28","date_gmt":"2025-11-26T23:37:28","guid":{"rendered":"https:\/\/agenciawebguadalajara.com\/emb\/producto\/electrosugery-probe-plus-ii-5cm-34cm\/"},"modified":"2025-11-26T23:37:30","modified_gmt":"2025-11-26T23:37:30","slug":"electrosugery-probe-plus-ii-5cm-34cm","status":"publish","type":"product","link":"https:\/\/agenciawebguadalajara.com\/emb\/producto\/electrosugery-probe-plus-ii-5cm-34cm\/","title":{"rendered":"ELECTROSUGERY PROBE PLUS II 5CM 34CM"},"content":{"rendered":"<p>Dise\u00f1ado para procedimientos m\u00ednimamente invasivos, facilitando la disecci\u00f3n de tejidos, coagulaci\u00f3n, irrigaci\u00f3n y evacuaci\u00f3n de fluidos a trav\u00e9s de un tr\u00f3car com\u00fan.<\/p>\n","protected":false},"excerpt":{"rendered":"<p>El sistema est\u00e1 dise\u00f1ado para realizar varias tareas quir\u00fargicas sin necesidad de cambiar de instrumento.<\/p>\n","protected":false},"featured_media":485,"template":"","meta":[],"product_brand":[],"product_cat":[32],"product_tag":[],"class_list":{"0":"post-1028","1":"product","2":"type-product","3":"status-publish","4":"has-post-thumbnail","6":"product_cat-insumo-medico","8":"first","9":"instock","10":"product-type-simple"},"_links":{"self":[{"href":"https:\/\/agenciawebguadalajara.com\/emb\/wp-json\/wp\/v2\/product\/1028","targetHints":{"allow":["GET"]}}],"collection":[{"href":"https:\/\/agenciawebguadalajara.com\/emb\/wp-json\/wp\/v2\/product"}],"about":[{"href":"https:\/\/agenciawebguadalajara.com\/emb\/wp-json\/wp\/v2\/types\/product"}],"version-history":[{"count":1,"href":"https:\/\/agenciawebguadalajara.com\/emb\/wp-json\/wp\/v2\/product\/1028\/revisions"}],"predecessor-version":[{"id":1029,"href":"https:\/\/agenciawebguadalajara.com\/emb\/wp-json\/wp\/v2\/product\/1028\/revisions\/1029"}],"wp:featuredmedia":[{"embeddable":true,"href":"https:\/\/agenciawebguadalajara.com\/emb\/wp-json\/wp\/v2\/media\/485"}],"wp:attachment":[{"href":"https:\/\/agenciawebguadalajara.com\/emb\/wp-json\/wp\/v2\/media?parent=1028"}],"wp:term":[{"taxonomy":"product_brand","embeddable":true,"href":"https:\/\/agenciawebguadalajara.com\/emb\/wp-json\/wp\/v2\/product_brand?post=1028"},{"taxonomy":"product_cat","embeddable":true,"href":"https:\/\/agenciawebguadalajara.com\/emb\/wp-json\/wp\/v2\/product_cat?post=1028"},{"taxonomy":"product_tag","embeddable":true,"href":"https:\/\/agenciawebguadalajara.com\/emb\/wp-json\/wp\/v2\/product_tag?post=1028"}],"curies":[{"name":"wp","href":"https:\/\/api.w.org\/{rel}","templated":true}]}}