{"id":1034,"date":"2025-11-26T23:37:28","date_gmt":"2025-11-26T23:37:28","guid":{"rendered":"https:\/\/agenciawebguadalajara.com\/emb\/producto\/cable-monopolar-3-mts-laparoscopico\/"},"modified":"2025-11-27T00:18:56","modified_gmt":"2025-11-27T00:18:56","slug":"cable-monopolar-3-mts-laparoscopico","status":"publish","type":"product","link":"https:\/\/agenciawebguadalajara.com\/emb\/producto\/cable-monopolar-3-mts-laparoscopico\/","title":{"rendered":"CABLE MONOPOLAR 3 MTS LAPAROSCOPICO"},"content":{"rendered":"<p>Accesorio m\u00e9dico esencial utilizado para\u00a0conectar el generador de electrocirug\u00eda a los instrumentos quir\u00fargicos monopolares\u00a0(como tijeras, pinzas o disectores). Su funci\u00f3n principal es transmitir energ\u00eda de forma segura y estable para realizar funciones de corte y coagulaci\u00f3n durante procedimientos de cirug\u00eda m\u00ednimamente invasiva.<\/p>\n","protected":false},"excerpt":{"rendered":"<p>El\u00a0cable monopolar laparosc\u00f3pico E0510 de 3 metros\u00a0es un accesorio m\u00e9dico dise\u00f1ado para transferir corriente el\u00e9ctrica de alta frecuencia desde una unidad electroquir\u00fargica (electrobistur\u00ed) a un instrumento quir\u00fargico monopolar durante procedimientos de laparoscopia.<\/p>\n","protected":false},"featured_media":467,"template":"","meta":[],"product_brand":[],"product_cat":[32],"product_tag":[],"class_list":{"0":"post-1034","1":"product","2":"type-product","3":"status-publish","4":"has-post-thumbnail","6":"product_cat-insumo-medico","8":"first","9":"instock","10":"product-type-simple"},"_links":{"self":[{"href":"https:\/\/agenciawebguadalajara.com\/emb\/wp-json\/wp\/v2\/product\/1034","targetHints":{"allow":["GET"]}}],"collection":[{"href":"https:\/\/agenciawebguadalajara.com\/emb\/wp-json\/wp\/v2\/product"}],"about":[{"href":"https:\/\/agenciawebguadalajara.com\/emb\/wp-json\/wp\/v2\/types\/product"}],"version-history":[{"count":2,"href":"https:\/\/agenciawebguadalajara.com\/emb\/wp-json\/wp\/v2\/product\/1034\/revisions"}],"predecessor-version":[{"id":1093,"href":"https:\/\/agenciawebguadalajara.com\/emb\/wp-json\/wp\/v2\/product\/1034\/revisions\/1093"}],"wp:featuredmedia":[{"embeddable":true,"href":"https:\/\/agenciawebguadalajara.com\/emb\/wp-json\/wp\/v2\/media\/467"}],"wp:attachment":[{"href":"https:\/\/agenciawebguadalajara.com\/emb\/wp-json\/wp\/v2\/media?parent=1034"}],"wp:term":[{"taxonomy":"product_brand","embeddable":true,"href":"https:\/\/agenciawebguadalajara.com\/emb\/wp-json\/wp\/v2\/product_brand?post=1034"},{"taxonomy":"product_cat","embeddable":true,"href":"https:\/\/agenciawebguadalajara.com\/emb\/wp-json\/wp\/v2\/product_cat?post=1034"},{"taxonomy":"product_tag","embeddable":true,"href":"https:\/\/agenciawebguadalajara.com\/emb\/wp-json\/wp\/v2\/product_tag?post=1034"}],"curies":[{"name":"wp","href":"https:\/\/api.w.org\/{rel}","templated":true}]}}