{"id":1036,"date":"2025-11-26T23:37:32","date_gmt":"2025-11-26T23:37:32","guid":{"rendered":"https:\/\/agenciawebguadalajara.com\/emb\/producto\/dermabond-pirineo-22-cm-x-4-cm\/"},"modified":"2025-11-27T00:05:08","modified_gmt":"2025-11-27T00:05:08","slug":"dermabond-pirineo-22-cm-x-4-cm","status":"publish","type":"product","link":"https:\/\/agenciawebguadalajara.com\/emb\/producto\/dermabond-pirineo-22-cm-x-4-cm\/","title":{"rendered":"DERMABOND PIRINEO 22 CM X 4 CM"},"content":{"rendered":"<p>Est\u00e1 dise\u00f1ado para el cierre de incisiones quir\u00fargicas, incluyendo las de cirug\u00eda m\u00ednimamente invasiva, y laceraciones traum\u00e1ticas simples y limpias.<\/p>\n","protected":false},"excerpt":{"rendered":"<p>Es un\u00a0sistema de cierre cut\u00e1neo t\u00f3pico\u00a0que combina un adhesivo l\u00edquido a base de 2-octil cianoacrilato con una cinta de malla de poli\u00e9ster autoadhesiva.<\/p>\n","protected":false},"featured_media":479,"template":"","meta":[],"product_brand":[],"product_cat":[32],"product_tag":[],"class_list":{"0":"post-1036","1":"product","2":"type-product","3":"status-publish","4":"has-post-thumbnail","6":"product_cat-insumo-medico","8":"first","9":"instock","10":"product-type-simple"},"_links":{"self":[{"href":"https:\/\/agenciawebguadalajara.com\/emb\/wp-json\/wp\/v2\/product\/1036","targetHints":{"allow":["GET"]}}],"collection":[{"href":"https:\/\/agenciawebguadalajara.com\/emb\/wp-json\/wp\/v2\/product"}],"about":[{"href":"https:\/\/agenciawebguadalajara.com\/emb\/wp-json\/wp\/v2\/types\/product"}],"version-history":[{"count":2,"href":"https:\/\/agenciawebguadalajara.com\/emb\/wp-json\/wp\/v2\/product\/1036\/revisions"}],"predecessor-version":[{"id":1091,"href":"https:\/\/agenciawebguadalajara.com\/emb\/wp-json\/wp\/v2\/product\/1036\/revisions\/1091"}],"wp:featuredmedia":[{"embeddable":true,"href":"https:\/\/agenciawebguadalajara.com\/emb\/wp-json\/wp\/v2\/media\/479"}],"wp:attachment":[{"href":"https:\/\/agenciawebguadalajara.com\/emb\/wp-json\/wp\/v2\/media?parent=1036"}],"wp:term":[{"taxonomy":"product_brand","embeddable":true,"href":"https:\/\/agenciawebguadalajara.com\/emb\/wp-json\/wp\/v2\/product_brand?post=1036"},{"taxonomy":"product_cat","embeddable":true,"href":"https:\/\/agenciawebguadalajara.com\/emb\/wp-json\/wp\/v2\/product_cat?post=1036"},{"taxonomy":"product_tag","embeddable":true,"href":"https:\/\/agenciawebguadalajara.com\/emb\/wp-json\/wp\/v2\/product_tag?post=1036"}],"curies":[{"name":"wp","href":"https:\/\/api.w.org\/{rel}","templated":true}]}}