{"id":1040,"date":"2025-11-26T23:37:32","date_gmt":"2025-11-26T23:37:32","guid":{"rendered":"https:\/\/agenciawebguadalajara.com\/emb\/producto\/epix-universal-clip-applier\/"},"modified":"2025-11-26T23:37:32","modified_gmt":"2025-11-26T23:37:32","slug":"epix-universal-clip-applier","status":"publish","type":"product","link":"https:\/\/agenciawebguadalajara.com\/emb\/producto\/epix-universal-clip-applier\/","title":{"rendered":"EPIX UNIVERSAL CLIP APPLIER"},"content":{"rendered":"<p>Dise\u00f1ado para la ligadura de vasos sangu\u00edneos y estructuras de tejido durante procedimientos quir\u00fargicos.\u00a0<\/p>\n","protected":false},"excerpt":{"rendered":"<p>Instrumento quir\u00fargico laparosc\u00f3pico desechable<\/p>\n","protected":false},"featured_media":497,"template":"","meta":[],"product_brand":[],"product_cat":[32],"product_tag":[42],"class_list":{"0":"post-1040","1":"product","2":"type-product","3":"status-publish","4":"has-post-thumbnail","6":"product_cat-insumo-medico","7":"product_tag-applier","9":"first","10":"instock","11":"product-type-simple"},"_links":{"self":[{"href":"https:\/\/agenciawebguadalajara.com\/emb\/wp-json\/wp\/v2\/product\/1040","targetHints":{"allow":["GET"]}}],"collection":[{"href":"https:\/\/agenciawebguadalajara.com\/emb\/wp-json\/wp\/v2\/product"}],"about":[{"href":"https:\/\/agenciawebguadalajara.com\/emb\/wp-json\/wp\/v2\/types\/product"}],"version-history":[{"count":1,"href":"https:\/\/agenciawebguadalajara.com\/emb\/wp-json\/wp\/v2\/product\/1040\/revisions"}],"predecessor-version":[{"id":1041,"href":"https:\/\/agenciawebguadalajara.com\/emb\/wp-json\/wp\/v2\/product\/1040\/revisions\/1041"}],"wp:featuredmedia":[{"embeddable":true,"href":"https:\/\/agenciawebguadalajara.com\/emb\/wp-json\/wp\/v2\/media\/497"}],"wp:attachment":[{"href":"https:\/\/agenciawebguadalajara.com\/emb\/wp-json\/wp\/v2\/media?parent=1040"}],"wp:term":[{"taxonomy":"product_brand","embeddable":true,"href":"https:\/\/agenciawebguadalajara.com\/emb\/wp-json\/wp\/v2\/product_brand?post=1040"},{"taxonomy":"product_cat","embeddable":true,"href":"https:\/\/agenciawebguadalajara.com\/emb\/wp-json\/wp\/v2\/product_cat?post=1040"},{"taxonomy":"product_tag","embeddable":true,"href":"https:\/\/agenciawebguadalajara.com\/emb\/wp-json\/wp\/v2\/product_tag?post=1040"}],"curies":[{"name":"wp","href":"https:\/\/api.w.org\/{rel}","templated":true}]}}