{"id":1044,"date":"2025-11-26T23:37:32","date_gmt":"2025-11-26T23:37:32","guid":{"rendered":"https:\/\/agenciawebguadalajara.com\/emb\/producto\/endoscopic-bags\/"},"modified":"2025-11-26T23:37:32","modified_gmt":"2025-11-26T23:37:32","slug":"endoscopic-bags","status":"publish","type":"product","link":"https:\/\/agenciawebguadalajara.com\/emb\/producto\/endoscopic-bags\/","title":{"rendered":"ENDOSCOPIC BAGS"},"content":{"rendered":"<p>Las bolsas endosc\u00f3picas son dispositivos m\u00e9dicos de un solo uso, tambi\u00e9n conocidas como bolsas de extracci\u00f3n de muestras, que se utilizan durante la cirug\u00eda m\u00ednimamente invasiva para contener y extraer de forma segura los tejidos u \u00f3rganos resecados. Est\u00e1n dise\u00f1adas para evitar la contaminaci\u00f3n de la cavidad abdominal o las incisiones por el contenido de la muestra.<\/p>\n","protected":false},"excerpt":{"rendered":"<p>Bolsa desechable para extracci\u00f3n endosc\u00f3pica<\/p>\n","protected":false},"featured_media":494,"template":"","meta":[],"product_brand":[],"product_cat":[32],"product_tag":[43],"class_list":{"0":"post-1044","1":"product","2":"type-product","3":"status-publish","4":"has-post-thumbnail","6":"product_cat-insumo-medico","7":"product_tag-geyi","9":"first","10":"instock","11":"product-type-simple"},"_links":{"self":[{"href":"https:\/\/agenciawebguadalajara.com\/emb\/wp-json\/wp\/v2\/product\/1044","targetHints":{"allow":["GET"]}}],"collection":[{"href":"https:\/\/agenciawebguadalajara.com\/emb\/wp-json\/wp\/v2\/product"}],"about":[{"href":"https:\/\/agenciawebguadalajara.com\/emb\/wp-json\/wp\/v2\/types\/product"}],"version-history":[{"count":1,"href":"https:\/\/agenciawebguadalajara.com\/emb\/wp-json\/wp\/v2\/product\/1044\/revisions"}],"predecessor-version":[{"id":1045,"href":"https:\/\/agenciawebguadalajara.com\/emb\/wp-json\/wp\/v2\/product\/1044\/revisions\/1045"}],"wp:featuredmedia":[{"embeddable":true,"href":"https:\/\/agenciawebguadalajara.com\/emb\/wp-json\/wp\/v2\/media\/494"}],"wp:attachment":[{"href":"https:\/\/agenciawebguadalajara.com\/emb\/wp-json\/wp\/v2\/media?parent=1044"}],"wp:term":[{"taxonomy":"product_brand","embeddable":true,"href":"https:\/\/agenciawebguadalajara.com\/emb\/wp-json\/wp\/v2\/product_brand?post=1044"},{"taxonomy":"product_cat","embeddable":true,"href":"https:\/\/agenciawebguadalajara.com\/emb\/wp-json\/wp\/v2\/product_cat?post=1044"},{"taxonomy":"product_tag","embeddable":true,"href":"https:\/\/agenciawebguadalajara.com\/emb\/wp-json\/wp\/v2\/product_tag?post=1044"}],"curies":[{"name":"wp","href":"https:\/\/api.w.org\/{rel}","templated":true}]}}