{"id":1046,"date":"2025-11-26T23:37:32","date_gmt":"2025-11-26T23:37:32","guid":{"rendered":"https:\/\/agenciawebguadalajara.com\/emb\/producto\/bolsa-autosellable\/"},"modified":"2025-11-26T23:37:32","modified_gmt":"2025-11-26T23:37:32","slug":"bolsa-autosellable","status":"publish","type":"product","link":"https:\/\/agenciawebguadalajara.com\/emb\/producto\/bolsa-autosellable\/","title":{"rendered":"BOLSA AUTOSELLABLE"},"content":{"rendered":"<p>Bolsa para esterilizaci\u00f3n de instrumental m\u00e9dico, dental o de laboratorio\u00a0que cuenta con un sistema de cierre autoadhesivo, eliminando la necesidad de una m\u00e1quina selladora. El t\u00e9rmino &#8220;drape&#8221; puede referirse a un tipo espec\u00edfico de funda est\u00e9ril utilizada para cubrir equipos en endoscopias, que a menudo viene en una bolsa de este tipo.<\/p>\n","protected":false},"excerpt":{"rendered":"<p>\u00a0Bolsa o funda est\u00e9ril autosellante\u00a0dise\u00f1ada para cubrir y mantener la esterilidad de equipos m\u00e9dicos<\/p>\n","protected":false},"featured_media":466,"template":"","meta":[],"product_brand":[],"product_cat":[32],"product_tag":[],"class_list":{"0":"post-1046","1":"product","2":"type-product","3":"status-publish","4":"has-post-thumbnail","6":"product_cat-insumo-medico","8":"first","9":"instock","10":"product-type-simple"},"_links":{"self":[{"href":"https:\/\/agenciawebguadalajara.com\/emb\/wp-json\/wp\/v2\/product\/1046","targetHints":{"allow":["GET"]}}],"collection":[{"href":"https:\/\/agenciawebguadalajara.com\/emb\/wp-json\/wp\/v2\/product"}],"about":[{"href":"https:\/\/agenciawebguadalajara.com\/emb\/wp-json\/wp\/v2\/types\/product"}],"version-history":[{"count":1,"href":"https:\/\/agenciawebguadalajara.com\/emb\/wp-json\/wp\/v2\/product\/1046\/revisions"}],"predecessor-version":[{"id":1047,"href":"https:\/\/agenciawebguadalajara.com\/emb\/wp-json\/wp\/v2\/product\/1046\/revisions\/1047"}],"wp:featuredmedia":[{"embeddable":true,"href":"https:\/\/agenciawebguadalajara.com\/emb\/wp-json\/wp\/v2\/media\/466"}],"wp:attachment":[{"href":"https:\/\/agenciawebguadalajara.com\/emb\/wp-json\/wp\/v2\/media?parent=1046"}],"wp:term":[{"taxonomy":"product_brand","embeddable":true,"href":"https:\/\/agenciawebguadalajara.com\/emb\/wp-json\/wp\/v2\/product_brand?post=1046"},{"taxonomy":"product_cat","embeddable":true,"href":"https:\/\/agenciawebguadalajara.com\/emb\/wp-json\/wp\/v2\/product_cat?post=1046"},{"taxonomy":"product_tag","embeddable":true,"href":"https:\/\/agenciawebguadalajara.com\/emb\/wp-json\/wp\/v2\/product_tag?post=1046"}],"curies":[{"name":"wp","href":"https:\/\/api.w.org\/{rel}","templated":true}]}}