{"id":1048,"date":"2025-11-26T23:37:32","date_gmt":"2025-11-26T23:37:32","guid":{"rendered":"https:\/\/agenciawebguadalajara.com\/emb\/producto\/endoscopic-multipl-clip-applier-5mm\/"},"modified":"2025-11-26T23:37:32","modified_gmt":"2025-11-26T23:37:32","slug":"endoscopic-multipl-clip-applier-5mm","status":"publish","type":"product","link":"https:\/\/agenciawebguadalajara.com\/emb\/producto\/endoscopic-multipl-clip-applier-5mm\/","title":{"rendered":"ENDOSCOPIC MULTIPL CLIP APPLIER  5MM"},"content":{"rendered":"<p>La variante de 5 mm est\u00e1 dise\u00f1ada para introducirse a trav\u00e9s de un trocar de 5 mm del tama\u00f1o adecuado y suele venir precargada con varios clips de titanio, generalmente 15.<\/p>\n","protected":false},"excerpt":{"rendered":"<p>Clips m\u00faltiples de 5 mm de di\u00e1metro es un instrumento quir\u00fargico est\u00e9ril de un solo uso, dise\u00f1ado para ligar (atar) estructuras tubulares o vasos durante procedimientos laparosc\u00f3picos.<\/p>\n","protected":false},"featured_media":495,"template":"","meta":[],"product_brand":[],"product_cat":[32],"product_tag":[42],"class_list":{"0":"post-1048","1":"product","2":"type-product","3":"status-publish","4":"has-post-thumbnail","6":"product_cat-insumo-medico","7":"product_tag-applier","9":"first","10":"instock","11":"product-type-simple"},"_links":{"self":[{"href":"https:\/\/agenciawebguadalajara.com\/emb\/wp-json\/wp\/v2\/product\/1048","targetHints":{"allow":["GET"]}}],"collection":[{"href":"https:\/\/agenciawebguadalajara.com\/emb\/wp-json\/wp\/v2\/product"}],"about":[{"href":"https:\/\/agenciawebguadalajara.com\/emb\/wp-json\/wp\/v2\/types\/product"}],"version-history":[{"count":1,"href":"https:\/\/agenciawebguadalajara.com\/emb\/wp-json\/wp\/v2\/product\/1048\/revisions"}],"predecessor-version":[{"id":1049,"href":"https:\/\/agenciawebguadalajara.com\/emb\/wp-json\/wp\/v2\/product\/1048\/revisions\/1049"}],"wp:featuredmedia":[{"embeddable":true,"href":"https:\/\/agenciawebguadalajara.com\/emb\/wp-json\/wp\/v2\/media\/495"}],"wp:attachment":[{"href":"https:\/\/agenciawebguadalajara.com\/emb\/wp-json\/wp\/v2\/media?parent=1048"}],"wp:term":[{"taxonomy":"product_brand","embeddable":true,"href":"https:\/\/agenciawebguadalajara.com\/emb\/wp-json\/wp\/v2\/product_brand?post=1048"},{"taxonomy":"product_cat","embeddable":true,"href":"https:\/\/agenciawebguadalajara.com\/emb\/wp-json\/wp\/v2\/product_cat?post=1048"},{"taxonomy":"product_tag","embeddable":true,"href":"https:\/\/agenciawebguadalajara.com\/emb\/wp-json\/wp\/v2\/product_tag?post=1048"}],"curies":[{"name":"wp","href":"https:\/\/api.w.org\/{rel}","templated":true}]}}