{"id":1050,"date":"2025-11-26T23:37:32","date_gmt":"2025-11-26T23:37:32","guid":{"rendered":"https:\/\/agenciawebguadalajara.com\/emb\/producto\/ligaclip-10mm\/"},"modified":"2025-11-26T23:37:32","modified_gmt":"2025-11-26T23:37:32","slug":"ligaclip-10mm","status":"publish","type":"product","link":"https:\/\/agenciawebguadalajara.com\/emb\/producto\/ligaclip-10mm\/","title":{"rendered":"LIGACLIP 10MM"},"content":{"rendered":"<p>Es un dispositivo de un solo uso dise\u00f1ado para la ligadura de vasos y otras estructuras de tejido peque\u00f1as durante procedimientos laparosc\u00f3picos<\/p>\n","protected":false},"excerpt":{"rendered":"<p>Utilizado para ligar vasos sangu\u00edneos y estructuras de tejido durante procedimientos m\u00e9dicos.<\/p>\n","protected":false},"featured_media":530,"template":"","meta":[],"product_brand":[],"product_cat":[32],"product_tag":[],"class_list":{"0":"post-1050","1":"product","2":"type-product","3":"status-publish","4":"has-post-thumbnail","6":"product_cat-insumo-medico","8":"first","9":"instock","10":"product-type-simple"},"_links":{"self":[{"href":"https:\/\/agenciawebguadalajara.com\/emb\/wp-json\/wp\/v2\/product\/1050","targetHints":{"allow":["GET"]}}],"collection":[{"href":"https:\/\/agenciawebguadalajara.com\/emb\/wp-json\/wp\/v2\/product"}],"about":[{"href":"https:\/\/agenciawebguadalajara.com\/emb\/wp-json\/wp\/v2\/types\/product"}],"version-history":[{"count":1,"href":"https:\/\/agenciawebguadalajara.com\/emb\/wp-json\/wp\/v2\/product\/1050\/revisions"}],"predecessor-version":[{"id":1051,"href":"https:\/\/agenciawebguadalajara.com\/emb\/wp-json\/wp\/v2\/product\/1050\/revisions\/1051"}],"wp:featuredmedia":[{"embeddable":true,"href":"https:\/\/agenciawebguadalajara.com\/emb\/wp-json\/wp\/v2\/media\/530"}],"wp:attachment":[{"href":"https:\/\/agenciawebguadalajara.com\/emb\/wp-json\/wp\/v2\/media?parent=1050"}],"wp:term":[{"taxonomy":"product_brand","embeddable":true,"href":"https:\/\/agenciawebguadalajara.com\/emb\/wp-json\/wp\/v2\/product_brand?post=1050"},{"taxonomy":"product_cat","embeddable":true,"href":"https:\/\/agenciawebguadalajara.com\/emb\/wp-json\/wp\/v2\/product_cat?post=1050"},{"taxonomy":"product_tag","embeddable":true,"href":"https:\/\/agenciawebguadalajara.com\/emb\/wp-json\/wp\/v2\/product_tag?post=1050"}],"curies":[{"name":"wp","href":"https:\/\/api.w.org\/{rel}","templated":true}]}}