{"id":1052,"date":"2025-11-26T23:37:32","date_gmt":"2025-11-26T23:37:32","guid":{"rendered":"https:\/\/agenciawebguadalajara.com\/emb\/producto\/laparoscopic-morcelator-xcise\/"},"modified":"2025-11-26T23:37:33","modified_gmt":"2025-11-26T23:37:33","slug":"laparoscopic-morcelator-xcise","status":"publish","type":"product","link":"https:\/\/agenciawebguadalajara.com\/emb\/producto\/laparoscopic-morcelator-xcise\/","title":{"rendered":"LAPAROSCOPIC MORCELATOR XCISE"},"content":{"rendered":"<p>El\u00a0LiNA Xcise es un morcelador\u00a0inal\u00e1mbrico totalmente desechable dise\u00f1ado para la morcelaci\u00f3n de tejidos durante procedimientos ginecol\u00f3gicos laparosc\u00f3picos. El exclusivo dise\u00f1o del\u00a0Morcelador LiNA Xcise\u00a0ofrece un control f\u00e1cil y seguro durante los procedimientos de histerectom\u00eda y miomectom\u00eda.<\/p>\n","protected":false},"excerpt":{"rendered":"<p>Es un morcelador laparosc\u00f3pico el\u00e9ctrico, inal\u00e1mbrico y totalmente desechable<\/p>\n","protected":false},"featured_media":529,"template":"","meta":[],"product_brand":[],"product_cat":[32],"product_tag":[],"class_list":{"0":"post-1052","1":"product","2":"type-product","3":"status-publish","4":"has-post-thumbnail","6":"product_cat-insumo-medico","8":"first","9":"instock","10":"product-type-simple"},"_links":{"self":[{"href":"https:\/\/agenciawebguadalajara.com\/emb\/wp-json\/wp\/v2\/product\/1052","targetHints":{"allow":["GET"]}}],"collection":[{"href":"https:\/\/agenciawebguadalajara.com\/emb\/wp-json\/wp\/v2\/product"}],"about":[{"href":"https:\/\/agenciawebguadalajara.com\/emb\/wp-json\/wp\/v2\/types\/product"}],"version-history":[{"count":1,"href":"https:\/\/agenciawebguadalajara.com\/emb\/wp-json\/wp\/v2\/product\/1052\/revisions"}],"predecessor-version":[{"id":1053,"href":"https:\/\/agenciawebguadalajara.com\/emb\/wp-json\/wp\/v2\/product\/1052\/revisions\/1053"}],"wp:featuredmedia":[{"embeddable":true,"href":"https:\/\/agenciawebguadalajara.com\/emb\/wp-json\/wp\/v2\/media\/529"}],"wp:attachment":[{"href":"https:\/\/agenciawebguadalajara.com\/emb\/wp-json\/wp\/v2\/media?parent=1052"}],"wp:term":[{"taxonomy":"product_brand","embeddable":true,"href":"https:\/\/agenciawebguadalajara.com\/emb\/wp-json\/wp\/v2\/product_brand?post=1052"},{"taxonomy":"product_cat","embeddable":true,"href":"https:\/\/agenciawebguadalajara.com\/emb\/wp-json\/wp\/v2\/product_cat?post=1052"},{"taxonomy":"product_tag","embeddable":true,"href":"https:\/\/agenciawebguadalajara.com\/emb\/wp-json\/wp\/v2\/product_tag?post=1052"}],"curies":[{"name":"wp","href":"https:\/\/api.w.org\/{rel}","templated":true}]}}