{"id":1062,"date":"2025-11-26T23:37:32","date_gmt":"2025-11-26T23:37:32","guid":{"rendered":"https:\/\/agenciawebguadalajara.com\/emb\/producto\/articulating-reloabable-fixation-device\/"},"modified":"2025-11-26T23:37:33","modified_gmt":"2025-11-26T23:37:33","slug":"articulating-reloabable-fixation-device","status":"publish","type":"product","link":"https:\/\/agenciawebguadalajara.com\/emb\/producto\/articulating-reloabable-fixation-device\/","title":{"rendered":"ARTICULATING RELOABABLE FIXATION DEVICE"},"content":{"rendered":"<p>El t\u00e9rmino &#8220;dispositivo de fijaci\u00f3n articulado recargable&#8221; se refiere principalmente a un instrumento quir\u00fargico, t\u00edpicamente el dispositivo de fijaci\u00f3n articulado recargable ReliaTack\u0099 de Medtronic (anteriormente Covidien), utilizado en la reparaci\u00f3n m\u00ednimamente invasiva de hernias.<\/p>\n","protected":false},"excerpt":{"rendered":"<p>Est\u00e1 dise\u00f1ado para su uso con tr\u00f3cares de 10 mm<\/p>\n","protected":false},"featured_media":464,"template":"","meta":[],"product_brand":[],"product_cat":[32],"product_tag":[],"class_list":{"0":"post-1062","1":"product","2":"type-product","3":"status-publish","4":"has-post-thumbnail","6":"product_cat-insumo-medico","8":"first","9":"instock","10":"product-type-simple"},"_links":{"self":[{"href":"https:\/\/agenciawebguadalajara.com\/emb\/wp-json\/wp\/v2\/product\/1062","targetHints":{"allow":["GET"]}}],"collection":[{"href":"https:\/\/agenciawebguadalajara.com\/emb\/wp-json\/wp\/v2\/product"}],"about":[{"href":"https:\/\/agenciawebguadalajara.com\/emb\/wp-json\/wp\/v2\/types\/product"}],"version-history":[{"count":1,"href":"https:\/\/agenciawebguadalajara.com\/emb\/wp-json\/wp\/v2\/product\/1062\/revisions"}],"predecessor-version":[{"id":1063,"href":"https:\/\/agenciawebguadalajara.com\/emb\/wp-json\/wp\/v2\/product\/1062\/revisions\/1063"}],"wp:featuredmedia":[{"embeddable":true,"href":"https:\/\/agenciawebguadalajara.com\/emb\/wp-json\/wp\/v2\/media\/464"}],"wp:attachment":[{"href":"https:\/\/agenciawebguadalajara.com\/emb\/wp-json\/wp\/v2\/media?parent=1062"}],"wp:term":[{"taxonomy":"product_brand","embeddable":true,"href":"https:\/\/agenciawebguadalajara.com\/emb\/wp-json\/wp\/v2\/product_brand?post=1062"},{"taxonomy":"product_cat","embeddable":true,"href":"https:\/\/agenciawebguadalajara.com\/emb\/wp-json\/wp\/v2\/product_cat?post=1062"},{"taxonomy":"product_tag","embeddable":true,"href":"https:\/\/agenciawebguadalajara.com\/emb\/wp-json\/wp\/v2\/product_tag?post=1062"}],"curies":[{"name":"wp","href":"https:\/\/api.w.org\/{rel}","templated":true}]}}