{"id":1072,"date":"2025-11-26T23:37:32","date_gmt":"2025-11-26T23:37:32","guid":{"rendered":"https:\/\/agenciawebguadalajara.com\/emb\/producto\/endo-gia-ultra-universal-stapler-12mm\/"},"modified":"2025-11-26T23:37:34","modified_gmt":"2025-11-26T23:37:34","slug":"endo-gia-ultra-universal-stapler-12mm","status":"publish","type":"product","link":"https:\/\/agenciawebguadalajara.com\/emb\/producto\/endo-gia-ultra-universal-stapler-12mm\/","title":{"rendered":"ENDO GIA ULTRA UNIVERSAL STAPLER 12MM"},"content":{"rendered":"<p>\u00a0Instrumento quir\u00fargico dise\u00f1ado para procedimientos laparosc\u00f3picos, que ofrece un dise\u00f1o ergon\u00f3mico y compatibilidad con diversas recargas<\/p>\n","protected":false},"excerpt":{"rendered":"<p>Instrumento quir\u00fargico avanzado utilizado en procedimientos laparosc\u00f3picos para la transecci\u00f3n, resecci\u00f3n y anastomosis de tejidos<\/p>\n","protected":false},"featured_media":490,"template":"","meta":[],"product_brand":[],"product_cat":[32],"product_tag":[],"class_list":{"0":"post-1072","1":"product","2":"type-product","3":"status-publish","4":"has-post-thumbnail","6":"product_cat-insumo-medico","8":"first","9":"instock","10":"product-type-simple"},"_links":{"self":[{"href":"https:\/\/agenciawebguadalajara.com\/emb\/wp-json\/wp\/v2\/product\/1072","targetHints":{"allow":["GET"]}}],"collection":[{"href":"https:\/\/agenciawebguadalajara.com\/emb\/wp-json\/wp\/v2\/product"}],"about":[{"href":"https:\/\/agenciawebguadalajara.com\/emb\/wp-json\/wp\/v2\/types\/product"}],"version-history":[{"count":1,"href":"https:\/\/agenciawebguadalajara.com\/emb\/wp-json\/wp\/v2\/product\/1072\/revisions"}],"predecessor-version":[{"id":1073,"href":"https:\/\/agenciawebguadalajara.com\/emb\/wp-json\/wp\/v2\/product\/1072\/revisions\/1073"}],"wp:featuredmedia":[{"embeddable":true,"href":"https:\/\/agenciawebguadalajara.com\/emb\/wp-json\/wp\/v2\/media\/490"}],"wp:attachment":[{"href":"https:\/\/agenciawebguadalajara.com\/emb\/wp-json\/wp\/v2\/media?parent=1072"}],"wp:term":[{"taxonomy":"product_brand","embeddable":true,"href":"https:\/\/agenciawebguadalajara.com\/emb\/wp-json\/wp\/v2\/product_brand?post=1072"},{"taxonomy":"product_cat","embeddable":true,"href":"https:\/\/agenciawebguadalajara.com\/emb\/wp-json\/wp\/v2\/product_cat?post=1072"},{"taxonomy":"product_tag","embeddable":true,"href":"https:\/\/agenciawebguadalajara.com\/emb\/wp-json\/wp\/v2\/product_tag?post=1072"}],"curies":[{"name":"wp","href":"https:\/\/api.w.org\/{rel}","templated":true}]}}