{"id":1074,"date":"2025-11-26T23:37:32","date_gmt":"2025-11-26T23:37:32","guid":{"rendered":"https:\/\/agenciawebguadalajara.com\/emb\/producto\/disponsable-electrode-surgical-instruments-5x330m\/"},"modified":"2025-11-27T00:07:40","modified_gmt":"2025-11-27T00:07:40","slug":"disponsable-electrode-surgical-instruments-5x330m","status":"publish","type":"product","link":"https:\/\/agenciawebguadalajara.com\/emb\/producto\/disponsable-electrode-surgical-instruments-5x330m\/","title":{"rendered":"DISPONSABLE ELECTRODE SURGICAL INSTRUMENTS 5X330M"},"content":{"rendered":"<p>Diversos fabricantes y distribuidores en l\u00ednea ofrecen una variedad de instrumental quir\u00fargico desechable con electrodos, con un di\u00e1metro de 5 mm y una longitud de trabajo de 330 mm (5 x 330 mm). Estos instrumentos laparosc\u00f3picos se utilizan para realizar cortes y coagulaciones precisas durante la cirug\u00eda.<\/p>\n","protected":false},"excerpt":{"rendered":"<p>Dise\u00f1ado para activaci\u00f3n electroquir\u00fargica monopolar (coagulaci\u00f3n y disecci\u00f3n).<\/p>\n","protected":false},"featured_media":481,"template":"","meta":[],"product_brand":[],"product_cat":[32],"product_tag":[],"class_list":{"0":"post-1074","1":"product","2":"type-product","3":"status-publish","4":"has-post-thumbnail","6":"product_cat-insumo-medico","8":"first","9":"instock","10":"product-type-simple"},"_links":{"self":[{"href":"https:\/\/agenciawebguadalajara.com\/emb\/wp-json\/wp\/v2\/product\/1074","targetHints":{"allow":["GET"]}}],"collection":[{"href":"https:\/\/agenciawebguadalajara.com\/emb\/wp-json\/wp\/v2\/product"}],"about":[{"href":"https:\/\/agenciawebguadalajara.com\/emb\/wp-json\/wp\/v2\/types\/product"}],"version-history":[{"count":1,"href":"https:\/\/agenciawebguadalajara.com\/emb\/wp-json\/wp\/v2\/product\/1074\/revisions"}],"predecessor-version":[{"id":1075,"href":"https:\/\/agenciawebguadalajara.com\/emb\/wp-json\/wp\/v2\/product\/1074\/revisions\/1075"}],"wp:featuredmedia":[{"embeddable":true,"href":"https:\/\/agenciawebguadalajara.com\/emb\/wp-json\/wp\/v2\/media\/481"}],"wp:attachment":[{"href":"https:\/\/agenciawebguadalajara.com\/emb\/wp-json\/wp\/v2\/media?parent=1074"}],"wp:term":[{"taxonomy":"product_brand","embeddable":true,"href":"https:\/\/agenciawebguadalajara.com\/emb\/wp-json\/wp\/v2\/product_brand?post=1074"},{"taxonomy":"product_cat","embeddable":true,"href":"https:\/\/agenciawebguadalajara.com\/emb\/wp-json\/wp\/v2\/product_cat?post=1074"},{"taxonomy":"product_tag","embeddable":true,"href":"https:\/\/agenciawebguadalajara.com\/emb\/wp-json\/wp\/v2\/product_tag?post=1074"}],"curies":[{"name":"wp","href":"https:\/\/api.w.org\/{rel}","templated":true}]}}