{"id":1078,"date":"2025-11-26T23:37:35","date_gmt":"2025-11-26T23:37:35","guid":{"rendered":"https:\/\/agenciawebguadalajara.com\/emb\/producto\/knitted-polypropylene-pre-formed-mesh-2\/"},"modified":"2025-11-26T23:37:36","modified_gmt":"2025-11-26T23:37:36","slug":"knitted-polypropylene-pre-formed-mesh-2","status":"publish","type":"product","link":"https:\/\/agenciawebguadalajara.com\/emb\/producto\/knitted-polypropylene-pre-formed-mesh-2\/","title":{"rendered":"KNITTED POLYPROPYLENE  PRE-FORMED  MESH"},"content":{"rendered":"<p>La malla preformada de polipropileno tejido es un tipo especializado de implante quir\u00fargico que se utiliza principalmente para la reparaci\u00f3n de hernias, sobre todo en procedimientos laparosc\u00f3picos o rob\u00f3ticos. Su dise\u00f1o preformado le permite adaptarse a contornos anat\u00f3micos espec\u00edficos (como el canal inguinal), lo que simplifica su colocaci\u00f3n y puede reducir la necesidad de fijaci\u00f3n quir\u00fargica.<\/p>\n","protected":false},"excerpt":{"rendered":"<p>Indicado para reforzar los tejidos blandos en zonas de debilidad.<\/p>\n","protected":false},"featured_media":527,"template":"","meta":[],"product_brand":[],"product_cat":[32],"product_tag":[],"class_list":{"0":"post-1078","1":"product","2":"type-product","3":"status-publish","4":"has-post-thumbnail","6":"product_cat-insumo-medico","8":"first","9":"instock","10":"product-type-simple"},"_links":{"self":[{"href":"https:\/\/agenciawebguadalajara.com\/emb\/wp-json\/wp\/v2\/product\/1078","targetHints":{"allow":["GET"]}}],"collection":[{"href":"https:\/\/agenciawebguadalajara.com\/emb\/wp-json\/wp\/v2\/product"}],"about":[{"href":"https:\/\/agenciawebguadalajara.com\/emb\/wp-json\/wp\/v2\/types\/product"}],"version-history":[{"count":1,"href":"https:\/\/agenciawebguadalajara.com\/emb\/wp-json\/wp\/v2\/product\/1078\/revisions"}],"predecessor-version":[{"id":1079,"href":"https:\/\/agenciawebguadalajara.com\/emb\/wp-json\/wp\/v2\/product\/1078\/revisions\/1079"}],"wp:featuredmedia":[{"embeddable":true,"href":"https:\/\/agenciawebguadalajara.com\/emb\/wp-json\/wp\/v2\/media\/527"}],"wp:attachment":[{"href":"https:\/\/agenciawebguadalajara.com\/emb\/wp-json\/wp\/v2\/media?parent=1078"}],"wp:term":[{"taxonomy":"product_brand","embeddable":true,"href":"https:\/\/agenciawebguadalajara.com\/emb\/wp-json\/wp\/v2\/product_brand?post=1078"},{"taxonomy":"product_cat","embeddable":true,"href":"https:\/\/agenciawebguadalajara.com\/emb\/wp-json\/wp\/v2\/product_cat?post=1078"},{"taxonomy":"product_tag","embeddable":true,"href":"https:\/\/agenciawebguadalajara.com\/emb\/wp-json\/wp\/v2\/product_tag?post=1078"}],"curies":[{"name":"wp","href":"https:\/\/api.w.org\/{rel}","templated":true}]}}