{"id":1080,"date":"2025-11-26T23:37:35","date_gmt":"2025-11-26T23:37:35","guid":{"rendered":"https:\/\/agenciawebguadalajara.com\/emb\/producto\/kii-shielded-baled-access-system-12-x-100-m\/"},"modified":"2025-11-26T23:37:36","modified_gmt":"2025-11-26T23:37:36","slug":"kii-shielded-baled-access-system-12-x-100-m","status":"publish","type":"product","link":"https:\/\/agenciawebguadalajara.com\/emb\/producto\/kii-shielded-baled-access-system-12-x-100-m\/","title":{"rendered":"KII SHIELDED BALED ACCESS  SYSTEM 12 X 100 M"},"content":{"rendered":"<p>El sistema de acceso con hoja blindada Kii de 12 x 100 mm (c\u00f3digos de producto de Applied Medical, como CFB73 o CTB73) es un dispositivo quir\u00fargico laparosc\u00f3pico utilizado para proporcionar acceso al abdomen durante procedimientos m\u00ednimamente invasivos.<\/p>\n","protected":false},"excerpt":{"rendered":"<p>Indicado para reforzar los tejidos blandos en zonas de debilidad. Se utiliza habitualmente en t\u00e9cnicas de reparaci\u00f3n de hernias por v\u00eda laparosc\u00f3pica<\/p>\n","protected":false},"featured_media":519,"template":"","meta":[],"product_brand":[],"product_cat":[32],"product_tag":[44],"class_list":{"0":"post-1080","1":"product","2":"type-product","3":"status-publish","4":"has-post-thumbnail","6":"product_cat-insumo-medico","7":"product_tag-applied","9":"first","10":"instock","11":"product-type-simple"},"_links":{"self":[{"href":"https:\/\/agenciawebguadalajara.com\/emb\/wp-json\/wp\/v2\/product\/1080","targetHints":{"allow":["GET"]}}],"collection":[{"href":"https:\/\/agenciawebguadalajara.com\/emb\/wp-json\/wp\/v2\/product"}],"about":[{"href":"https:\/\/agenciawebguadalajara.com\/emb\/wp-json\/wp\/v2\/types\/product"}],"version-history":[{"count":1,"href":"https:\/\/agenciawebguadalajara.com\/emb\/wp-json\/wp\/v2\/product\/1080\/revisions"}],"predecessor-version":[{"id":1081,"href":"https:\/\/agenciawebguadalajara.com\/emb\/wp-json\/wp\/v2\/product\/1080\/revisions\/1081"}],"wp:featuredmedia":[{"embeddable":true,"href":"https:\/\/agenciawebguadalajara.com\/emb\/wp-json\/wp\/v2\/media\/519"}],"wp:attachment":[{"href":"https:\/\/agenciawebguadalajara.com\/emb\/wp-json\/wp\/v2\/media?parent=1080"}],"wp:term":[{"taxonomy":"product_brand","embeddable":true,"href":"https:\/\/agenciawebguadalajara.com\/emb\/wp-json\/wp\/v2\/product_brand?post=1080"},{"taxonomy":"product_cat","embeddable":true,"href":"https:\/\/agenciawebguadalajara.com\/emb\/wp-json\/wp\/v2\/product_cat?post=1080"},{"taxonomy":"product_tag","embeddable":true,"href":"https:\/\/agenciawebguadalajara.com\/emb\/wp-json\/wp\/v2\/product_tag?post=1080"}],"curies":[{"name":"wp","href":"https:\/\/api.w.org\/{rel}","templated":true}]}}