{"id":1082,"date":"2025-11-26T23:37:35","date_gmt":"2025-11-26T23:37:35","guid":{"rendered":"https:\/\/agenciawebguadalajara.com\/emb\/producto\/kii-shielded-baled-access-system-5x-100m\/"},"modified":"2025-11-26T23:37:36","modified_gmt":"2025-11-26T23:37:36","slug":"kii-shielded-baled-access-system-5x-100m","status":"publish","type":"product","link":"https:\/\/agenciawebguadalajara.com\/emb\/producto\/kii-shielded-baled-access-system-5x-100m\/","title":{"rendered":"KII SHIELDED BALED ACCESS  SYSTEM 5X 100M"},"content":{"rendered":"<p>El sistema de acceso con hoja blindada Kii de 12 x 100 mm (c\u00f3digos de producto de Applied Medical, como CFB73 o CTB73) es un dispositivo quir\u00fargico laparosc\u00f3pico utilizado para proporcionar acceso al abdomen durante procedimientos m\u00ednimamente invasivos.<\/p>\n","protected":false},"excerpt":{"rendered":"<p>Utilizado para procedimientos m\u00ednimamente invasivos para crear un punto de entrada al cuerpo, t\u00edpicamente el abdomen durante la laparoscopia.<\/p>\n","protected":false},"featured_media":518,"template":"","meta":[],"product_brand":[],"product_cat":[32],"product_tag":[44],"class_list":{"0":"post-1082","1":"product","2":"type-product","3":"status-publish","4":"has-post-thumbnail","6":"product_cat-insumo-medico","7":"product_tag-applied","9":"first","10":"instock","11":"product-type-simple"},"_links":{"self":[{"href":"https:\/\/agenciawebguadalajara.com\/emb\/wp-json\/wp\/v2\/product\/1082","targetHints":{"allow":["GET"]}}],"collection":[{"href":"https:\/\/agenciawebguadalajara.com\/emb\/wp-json\/wp\/v2\/product"}],"about":[{"href":"https:\/\/agenciawebguadalajara.com\/emb\/wp-json\/wp\/v2\/types\/product"}],"version-history":[{"count":1,"href":"https:\/\/agenciawebguadalajara.com\/emb\/wp-json\/wp\/v2\/product\/1082\/revisions"}],"predecessor-version":[{"id":1083,"href":"https:\/\/agenciawebguadalajara.com\/emb\/wp-json\/wp\/v2\/product\/1082\/revisions\/1083"}],"wp:featuredmedia":[{"embeddable":true,"href":"https:\/\/agenciawebguadalajara.com\/emb\/wp-json\/wp\/v2\/media\/518"}],"wp:attachment":[{"href":"https:\/\/agenciawebguadalajara.com\/emb\/wp-json\/wp\/v2\/media?parent=1082"}],"wp:term":[{"taxonomy":"product_brand","embeddable":true,"href":"https:\/\/agenciawebguadalajara.com\/emb\/wp-json\/wp\/v2\/product_brand?post=1082"},{"taxonomy":"product_cat","embeddable":true,"href":"https:\/\/agenciawebguadalajara.com\/emb\/wp-json\/wp\/v2\/product_cat?post=1082"},{"taxonomy":"product_tag","embeddable":true,"href":"https:\/\/agenciawebguadalajara.com\/emb\/wp-json\/wp\/v2\/product_tag?post=1082"}],"curies":[{"name":"wp","href":"https:\/\/api.w.org\/{rel}","templated":true}]}}