{"id":1084,"date":"2025-11-26T23:37:35","date_gmt":"2025-11-26T23:37:35","guid":{"rendered":"https:\/\/agenciawebguadalajara.com\/emb\/producto\/disponsable-veress-needle-120mm\/"},"modified":"2025-11-26T23:57:10","modified_gmt":"2025-11-26T23:57:10","slug":"disponsable-veress-needle-120mm","status":"publish","type":"product","link":"https:\/\/agenciawebguadalajara.com\/emb\/producto\/disponsable-veress-needle-120mm\/","title":{"rendered":"DISPONSABLE VERESS NEEDLE 120MM"},"content":{"rendered":"<p>Se utiliza para la punci\u00f3n percut\u00e1nea de la pared abdominal antes de la inserci\u00f3n del tr\u00f3car y la c\u00e1nula, permitiendo la insuflaci\u00f3n de gas (generalmente di\u00f3xido de carbono) para expandir el abdomen y crear un espacio de trabajo quir\u00fargico.<\/p>\n","protected":false},"excerpt":{"rendered":"<p>Es un\u00a0instrumento m\u00e9dico crucial utilizado en procedimientos de cirug\u00eda laparosc\u00f3pica para establecer el\u00a0neumoperitoneo<\/p>\n","protected":false},"featured_media":483,"template":"","meta":[],"product_brand":[],"product_cat":[32],"product_tag":[],"class_list":{"0":"post-1084","1":"product","2":"type-product","3":"status-publish","4":"has-post-thumbnail","6":"product_cat-insumo-medico","8":"first","9":"instock","10":"product-type-simple"},"_links":{"self":[{"href":"https:\/\/agenciawebguadalajara.com\/emb\/wp-json\/wp\/v2\/product\/1084","targetHints":{"allow":["GET"]}}],"collection":[{"href":"https:\/\/agenciawebguadalajara.com\/emb\/wp-json\/wp\/v2\/product"}],"about":[{"href":"https:\/\/agenciawebguadalajara.com\/emb\/wp-json\/wp\/v2\/types\/product"}],"version-history":[{"count":1,"href":"https:\/\/agenciawebguadalajara.com\/emb\/wp-json\/wp\/v2\/product\/1084\/revisions"}],"predecessor-version":[{"id":1085,"href":"https:\/\/agenciawebguadalajara.com\/emb\/wp-json\/wp\/v2\/product\/1084\/revisions\/1085"}],"wp:featuredmedia":[{"embeddable":true,"href":"https:\/\/agenciawebguadalajara.com\/emb\/wp-json\/wp\/v2\/media\/483"}],"wp:attachment":[{"href":"https:\/\/agenciawebguadalajara.com\/emb\/wp-json\/wp\/v2\/media?parent=1084"}],"wp:term":[{"taxonomy":"product_brand","embeddable":true,"href":"https:\/\/agenciawebguadalajara.com\/emb\/wp-json\/wp\/v2\/product_brand?post=1084"},{"taxonomy":"product_cat","embeddable":true,"href":"https:\/\/agenciawebguadalajara.com\/emb\/wp-json\/wp\/v2\/product_cat?post=1084"},{"taxonomy":"product_tag","embeddable":true,"href":"https:\/\/agenciawebguadalajara.com\/emb\/wp-json\/wp\/v2\/product_tag?post=1084"}],"curies":[{"name":"wp","href":"https:\/\/api.w.org\/{rel}","templated":true}]}}