{"id":1086,"date":"2025-11-26T23:37:35","date_gmt":"2025-11-26T23:37:35","guid":{"rendered":"https:\/\/agenciawebguadalajara.com\/emb\/producto\/kii-sleeve-12x100mm\/"},"modified":"2025-11-26T23:37:36","modified_gmt":"2025-11-26T23:37:36","slug":"kii-sleeve-12x100mm","status":"publish","type":"product","link":"https:\/\/agenciawebguadalajara.com\/emb\/producto\/kii-sleeve-12x100mm\/","title":{"rendered":"KII SLEEVE 12X100MM"},"content":{"rendered":"<p>Funda (o c\u00e1nula) de tr\u00f3car laparosc\u00f3pico\u00a0fabricada por la empresa Applied Medical, utilizada en procedimientos de cirug\u00eda m\u00ednimamente invasiva<\/p>\n","protected":false},"excerpt":{"rendered":"<p>Esta c\u00e1nula forma parte de un sistema de acceso que se utiliza en\u00a0cirug\u00edas laparosc\u00f3picas\u00a0para crear un puerto de entrada para instrumentos y laparoscopios a trav\u00e9s de la pared abdominal.<\/p>\n","protected":false},"featured_media":520,"template":"","meta":[],"product_brand":[],"product_cat":[32],"product_tag":[],"class_list":{"0":"post-1086","1":"product","2":"type-product","3":"status-publish","4":"has-post-thumbnail","6":"product_cat-insumo-medico","8":"first","9":"instock","10":"product-type-simple"},"_links":{"self":[{"href":"https:\/\/agenciawebguadalajara.com\/emb\/wp-json\/wp\/v2\/product\/1086","targetHints":{"allow":["GET"]}}],"collection":[{"href":"https:\/\/agenciawebguadalajara.com\/emb\/wp-json\/wp\/v2\/product"}],"about":[{"href":"https:\/\/agenciawebguadalajara.com\/emb\/wp-json\/wp\/v2\/types\/product"}],"version-history":[{"count":1,"href":"https:\/\/agenciawebguadalajara.com\/emb\/wp-json\/wp\/v2\/product\/1086\/revisions"}],"predecessor-version":[{"id":1087,"href":"https:\/\/agenciawebguadalajara.com\/emb\/wp-json\/wp\/v2\/product\/1086\/revisions\/1087"}],"wp:featuredmedia":[{"embeddable":true,"href":"https:\/\/agenciawebguadalajara.com\/emb\/wp-json\/wp\/v2\/media\/520"}],"wp:attachment":[{"href":"https:\/\/agenciawebguadalajara.com\/emb\/wp-json\/wp\/v2\/media?parent=1086"}],"wp:term":[{"taxonomy":"product_brand","embeddable":true,"href":"https:\/\/agenciawebguadalajara.com\/emb\/wp-json\/wp\/v2\/product_brand?post=1086"},{"taxonomy":"product_cat","embeddable":true,"href":"https:\/\/agenciawebguadalajara.com\/emb\/wp-json\/wp\/v2\/product_cat?post=1086"},{"taxonomy":"product_tag","embeddable":true,"href":"https:\/\/agenciawebguadalajara.com\/emb\/wp-json\/wp\/v2\/product_tag?post=1086"}],"curies":[{"name":"wp","href":"https:\/\/api.w.org\/{rel}","templated":true}]}}