{"id":1088,"date":"2025-11-26T23:37:35","date_gmt":"2025-11-26T23:37:35","guid":{"rendered":"https:\/\/agenciawebguadalajara.com\/emb\/producto\/prevena-peel\/"},"modified":"2025-11-27T00:01:33","modified_gmt":"2025-11-27T00:01:33","slug":"prevena-peel","status":"publish","type":"product","link":"https:\/\/agenciawebguadalajara.com\/emb\/producto\/prevena-peel\/","title":{"rendered":"PREVENA PEEL"},"content":{"rendered":"<p>Es un ap\u00f3sito integrado de un solo uso que forma parte de la terapia de manejo de incisiones quir\u00fargicas con presi\u00f3n negativa<\/p>\n","protected":false},"excerpt":{"rendered":"<p>Dise\u00f1ado para el manejo de incisiones quir\u00fargicas cerradas.<\/p>\n","protected":false},"featured_media":547,"template":"","meta":[],"product_brand":[],"product_cat":[32],"product_tag":[],"class_list":{"0":"post-1088","1":"product","2":"type-product","3":"status-publish","4":"has-post-thumbnail","6":"product_cat-insumo-medico","8":"first","9":"instock","10":"product-type-simple"},"_links":{"self":[{"href":"https:\/\/agenciawebguadalajara.com\/emb\/wp-json\/wp\/v2\/product\/1088","targetHints":{"allow":["GET"]}}],"collection":[{"href":"https:\/\/agenciawebguadalajara.com\/emb\/wp-json\/wp\/v2\/product"}],"about":[{"href":"https:\/\/agenciawebguadalajara.com\/emb\/wp-json\/wp\/v2\/types\/product"}],"version-history":[{"count":2,"href":"https:\/\/agenciawebguadalajara.com\/emb\/wp-json\/wp\/v2\/product\/1088\/revisions"}],"predecessor-version":[{"id":1090,"href":"https:\/\/agenciawebguadalajara.com\/emb\/wp-json\/wp\/v2\/product\/1088\/revisions\/1090"}],"wp:featuredmedia":[{"embeddable":true,"href":"https:\/\/agenciawebguadalajara.com\/emb\/wp-json\/wp\/v2\/media\/547"}],"wp:attachment":[{"href":"https:\/\/agenciawebguadalajara.com\/emb\/wp-json\/wp\/v2\/media?parent=1088"}],"wp:term":[{"taxonomy":"product_brand","embeddable":true,"href":"https:\/\/agenciawebguadalajara.com\/emb\/wp-json\/wp\/v2\/product_brand?post=1088"},{"taxonomy":"product_cat","embeddable":true,"href":"https:\/\/agenciawebguadalajara.com\/emb\/wp-json\/wp\/v2\/product_cat?post=1088"},{"taxonomy":"product_tag","embeddable":true,"href":"https:\/\/agenciawebguadalajara.com\/emb\/wp-json\/wp\/v2\/product_tag?post=1088"}],"curies":[{"name":"wp","href":"https:\/\/api.w.org\/{rel}","templated":true}]}}