{"id":433,"date":"2025-11-26T22:52:09","date_gmt":"2025-11-26T22:52:09","guid":{"rendered":"https:\/\/agenciawebguadalajara.com\/emb\/producto\/masimo\/"},"modified":"2025-11-26T22:52:09","modified_gmt":"2025-11-26T22:52:09","slug":"masimo","status":"publish","type":"product","link":"https:\/\/agenciawebguadalajara.com\/emb\/producto\/masimo\/","title":{"rendered":"Masimo"},"content":{"rendered":"<p>El t\u00e9rmino &#8220;equipo Masimo&#8221; se refiere a una variedad de dispositivos y tecnolog\u00edas desarrolladas por la empresa Masimo Corporation, que se especializa en monitoreo m\u00e9dico no invasivo. Estos equipos se utilizan para medir diversos par\u00e1metros fisiol\u00f3gicos, como la saturaci\u00f3n de ox\u00edgeno, la frecuencia card\u00edaca, la hemoglobina, la funci\u00f3n cerebral y la respiraci\u00f3n, entre otros<\/p>\n","protected":false},"excerpt":{"rendered":"<p>Masimo que se especializa en monitoreo m\u00e9dico no invasivo.<\/p>\n","protected":false},"featured_media":419,"template":"","meta":[],"product_brand":[],"product_cat":[18,19],"product_tag":[20],"class_list":{"0":"post-433","1":"product","2":"type-product","3":"status-publish","4":"has-post-thumbnail","6":"product_cat-monitoreo-de-sedacion","7":"product_cat-sedacion","8":"product_tag-masimo","10":"first","11":"instock","12":"product-type-simple"},"_links":{"self":[{"href":"https:\/\/agenciawebguadalajara.com\/emb\/wp-json\/wp\/v2\/product\/433","targetHints":{"allow":["GET"]}}],"collection":[{"href":"https:\/\/agenciawebguadalajara.com\/emb\/wp-json\/wp\/v2\/product"}],"about":[{"href":"https:\/\/agenciawebguadalajara.com\/emb\/wp-json\/wp\/v2\/types\/product"}],"version-history":[{"count":1,"href":"https:\/\/agenciawebguadalajara.com\/emb\/wp-json\/wp\/v2\/product\/433\/revisions"}],"predecessor-version":[{"id":434,"href":"https:\/\/agenciawebguadalajara.com\/emb\/wp-json\/wp\/v2\/product\/433\/revisions\/434"}],"wp:featuredmedia":[{"embeddable":true,"href":"https:\/\/agenciawebguadalajara.com\/emb\/wp-json\/wp\/v2\/media\/419"}],"wp:attachment":[{"href":"https:\/\/agenciawebguadalajara.com\/emb\/wp-json\/wp\/v2\/media?parent=433"}],"wp:term":[{"taxonomy":"product_brand","embeddable":true,"href":"https:\/\/agenciawebguadalajara.com\/emb\/wp-json\/wp\/v2\/product_brand?post=433"},{"taxonomy":"product_cat","embeddable":true,"href":"https:\/\/agenciawebguadalajara.com\/emb\/wp-json\/wp\/v2\/product_cat?post=433"},{"taxonomy":"product_tag","embeddable":true,"href":"https:\/\/agenciawebguadalajara.com\/emb\/wp-json\/wp\/v2\/product_tag?post=433"}],"curies":[{"name":"wp","href":"https:\/\/api.w.org\/{rel}","templated":true}]}}