{"id":437,"date":"2025-11-26T22:52:09","date_gmt":"2025-11-26T22:52:09","guid":{"rendered":"https:\/\/agenciawebguadalajara.com\/emb\/producto\/lifotronic-ch\/"},"modified":"2025-11-26T22:52:09","modified_gmt":"2025-11-26T22:52:09","slug":"lifotronic-ch","status":"publish","type":"product","link":"https:\/\/agenciawebguadalajara.com\/emb\/producto\/lifotronic-ch\/","title":{"rendered":"Lifotronic ch"},"content":{"rendered":"<p>Lifotronic NP-100 es un sistema de tratamiento de heridas mediante Terapia de Presi\u00f3n Negativa. El sistema consiste en una bomba de succi\u00f3n que genera presi\u00f3n negativa y diferentes tipos de drenajes y ap\u00f3sitos que se aplican seg\u00fan el tipo de herida y la cantidad de exudado.<\/p>\n","protected":false},"excerpt":{"rendered":"<p>Equipo de presion negativa para terapia de curacion de heridas con modos de presion constinua o intermitente.<\/p>\n","protected":false},"featured_media":427,"template":"","meta":[],"product_brand":[],"product_cat":[24],"product_tag":[25],"class_list":{"0":"post-437","1":"product","2":"type-product","3":"status-publish","4":"has-post-thumbnail","6":"product_cat-terapia-de-presion-negativa","7":"product_tag-lifotronic","9":"first","10":"instock","11":"product-type-simple"},"_links":{"self":[{"href":"https:\/\/agenciawebguadalajara.com\/emb\/wp-json\/wp\/v2\/product\/437","targetHints":{"allow":["GET"]}}],"collection":[{"href":"https:\/\/agenciawebguadalajara.com\/emb\/wp-json\/wp\/v2\/product"}],"about":[{"href":"https:\/\/agenciawebguadalajara.com\/emb\/wp-json\/wp\/v2\/types\/product"}],"version-history":[{"count":1,"href":"https:\/\/agenciawebguadalajara.com\/emb\/wp-json\/wp\/v2\/product\/437\/revisions"}],"predecessor-version":[{"id":438,"href":"https:\/\/agenciawebguadalajara.com\/emb\/wp-json\/wp\/v2\/product\/437\/revisions\/438"}],"wp:featuredmedia":[{"embeddable":true,"href":"https:\/\/agenciawebguadalajara.com\/emb\/wp-json\/wp\/v2\/media\/427"}],"wp:attachment":[{"href":"https:\/\/agenciawebguadalajara.com\/emb\/wp-json\/wp\/v2\/media?parent=437"}],"wp:term":[{"taxonomy":"product_brand","embeddable":true,"href":"https:\/\/agenciawebguadalajara.com\/emb\/wp-json\/wp\/v2\/product_brand?post=437"},{"taxonomy":"product_cat","embeddable":true,"href":"https:\/\/agenciawebguadalajara.com\/emb\/wp-json\/wp\/v2\/product_cat?post=437"},{"taxonomy":"product_tag","embeddable":true,"href":"https:\/\/agenciawebguadalajara.com\/emb\/wp-json\/wp\/v2\/product_tag?post=437"}],"curies":[{"name":"wp","href":"https:\/\/api.w.org\/{rel}","templated":true}]}}