{"id":439,"date":"2025-11-26T22:52:09","date_gmt":"2025-11-26T22:52:09","guid":{"rendered":"https:\/\/agenciawebguadalajara.com\/emb\/producto\/lifotronic-g\/"},"modified":"2025-11-26T22:52:09","modified_gmt":"2025-11-26T22:52:09","slug":"lifotronic-g","status":"publish","type":"product","link":"https:\/\/agenciawebguadalajara.com\/emb\/producto\/lifotronic-g\/","title":{"rendered":"Lifotronic G"},"content":{"rendered":"<p>Lifotronic NP-600 es un sistema de tratamiento de heridas mediante Teraia de Presi\u00f3n Negativa. El sistema consiste en una bomba de succi\u00f3n que genera presi\u00f3n negativa y diferentes tipos de drenajes y ap\u00f3sitos que se aplican seg\u00fan el tipo de herida y la cantidad de exudado. Su dise\u00f1o permite la aplicaci\u00f3n de presi\u00f3n negativa localizada en el sitio de la herida<\/p>\n","protected":false},"excerpt":{"rendered":"<p>Equipo de presion negativa para terapia de curacion de heridas con sistema de irrigacion y modos de presion constinua o intermitente<\/p>\n","protected":false},"featured_media":428,"template":"","meta":[],"product_brand":[],"product_cat":[24],"product_tag":[25],"class_list":{"0":"post-439","1":"product","2":"type-product","3":"status-publish","4":"has-post-thumbnail","6":"product_cat-terapia-de-presion-negativa","7":"product_tag-lifotronic","9":"first","10":"instock","11":"product-type-simple"},"_links":{"self":[{"href":"https:\/\/agenciawebguadalajara.com\/emb\/wp-json\/wp\/v2\/product\/439","targetHints":{"allow":["GET"]}}],"collection":[{"href":"https:\/\/agenciawebguadalajara.com\/emb\/wp-json\/wp\/v2\/product"}],"about":[{"href":"https:\/\/agenciawebguadalajara.com\/emb\/wp-json\/wp\/v2\/types\/product"}],"version-history":[{"count":1,"href":"https:\/\/agenciawebguadalajara.com\/emb\/wp-json\/wp\/v2\/product\/439\/revisions"}],"predecessor-version":[{"id":440,"href":"https:\/\/agenciawebguadalajara.com\/emb\/wp-json\/wp\/v2\/product\/439\/revisions\/440"}],"wp:featuredmedia":[{"embeddable":true,"href":"https:\/\/agenciawebguadalajara.com\/emb\/wp-json\/wp\/v2\/media\/428"}],"wp:attachment":[{"href":"https:\/\/agenciawebguadalajara.com\/emb\/wp-json\/wp\/v2\/media?parent=439"}],"wp:term":[{"taxonomy":"product_brand","embeddable":true,"href":"https:\/\/agenciawebguadalajara.com\/emb\/wp-json\/wp\/v2\/product_brand?post=439"},{"taxonomy":"product_cat","embeddable":true,"href":"https:\/\/agenciawebguadalajara.com\/emb\/wp-json\/wp\/v2\/product_cat?post=439"},{"taxonomy":"product_tag","embeddable":true,"href":"https:\/\/agenciawebguadalajara.com\/emb\/wp-json\/wp\/v2\/product_tag?post=439"}],"curies":[{"name":"wp","href":"https:\/\/api.w.org\/{rel}","templated":true}]}}