{"id":441,"date":"2025-11-26T22:52:09","date_gmt":"2025-11-26T22:52:09","guid":{"rendered":"https:\/\/agenciawebguadalajara.com\/emb\/producto\/renasys-touch\/"},"modified":"2025-11-26T22:52:10","modified_gmt":"2025-11-26T22:52:10","slug":"renasys-touch","status":"publish","type":"product","link":"https:\/\/agenciawebguadalajara.com\/emb\/producto\/renasys-touch\/","title":{"rendered":"Renasys touch"},"content":{"rendered":"<p>El sistema de terapia de presi\u00f3n negativa Renasys Touch se utiliza para ayudar a curar heridas cr\u00f3nicas o agudas, tanto en hospitales como en el hogar. Este sistema aplica una presi\u00f3n negativa controlada y localizada para favorecer la cicatrizaci\u00f3n al drenar el exudado, eliminar materiales infecciosos y promover el crecimiento de tejido nuevo.<\/p>\n","protected":false},"excerpt":{"rendered":"<p>m\u00e1quina Renasys Touch sirve para\u00a0facilitar la cicatrizaci\u00f3n de heridas complejas a trav\u00e9s de la terapia de presi\u00f3n negativa<\/p>\n","protected":false},"featured_media":431,"template":"","meta":[],"product_brand":[],"product_cat":[24],"product_tag":[26],"class_list":{"0":"post-441","1":"product","2":"type-product","3":"status-publish","4":"has-post-thumbnail","6":"product_cat-terapia-de-presion-negativa","7":"product_tag-smithnephew","9":"first","10":"instock","11":"product-type-simple"},"_links":{"self":[{"href":"https:\/\/agenciawebguadalajara.com\/emb\/wp-json\/wp\/v2\/product\/441","targetHints":{"allow":["GET"]}}],"collection":[{"href":"https:\/\/agenciawebguadalajara.com\/emb\/wp-json\/wp\/v2\/product"}],"about":[{"href":"https:\/\/agenciawebguadalajara.com\/emb\/wp-json\/wp\/v2\/types\/product"}],"version-history":[{"count":1,"href":"https:\/\/agenciawebguadalajara.com\/emb\/wp-json\/wp\/v2\/product\/441\/revisions"}],"predecessor-version":[{"id":442,"href":"https:\/\/agenciawebguadalajara.com\/emb\/wp-json\/wp\/v2\/product\/441\/revisions\/442"}],"wp:featuredmedia":[{"embeddable":true,"href":"https:\/\/agenciawebguadalajara.com\/emb\/wp-json\/wp\/v2\/media\/431"}],"wp:attachment":[{"href":"https:\/\/agenciawebguadalajara.com\/emb\/wp-json\/wp\/v2\/media?parent=441"}],"wp:term":[{"taxonomy":"product_brand","embeddable":true,"href":"https:\/\/agenciawebguadalajara.com\/emb\/wp-json\/wp\/v2\/product_brand?post=441"},{"taxonomy":"product_cat","embeddable":true,"href":"https:\/\/agenciawebguadalajara.com\/emb\/wp-json\/wp\/v2\/product_cat?post=441"},{"taxonomy":"product_tag","embeddable":true,"href":"https:\/\/agenciawebguadalajara.com\/emb\/wp-json\/wp\/v2\/product_tag?post=441"}],"curies":[{"name":"wp","href":"https:\/\/api.w.org\/{rel}","templated":true}]}}