{"id":443,"date":"2025-11-26T22:52:09","date_gmt":"2025-11-26T22:52:09","guid":{"rendered":"https:\/\/agenciawebguadalajara.com\/emb\/producto\/renasys-go\/"},"modified":"2025-11-26T22:52:10","modified_gmt":"2025-11-26T22:52:10","slug":"renasys-go","status":"publish","type":"product","link":"https:\/\/agenciawebguadalajara.com\/emb\/producto\/renasys-go\/","title":{"rendered":"Renasys Go"},"content":{"rendered":"<p>El sistema RENASYS GO es una terapia de presi\u00f3n negativa para heridas (TPN) que se utiliza para promover la cicatrizaci\u00f3n de heridas cr\u00f3nicas y agudas. Funciona mediante la aplicaci\u00f3n de una presi\u00f3n negativa controlada para extraer fluidos, reducir la inflamaci\u00f3n y estimular el crecimiento de tejido nuevo.<\/p>\n","protected":false},"excerpt":{"rendered":"<p>Es una bomba port\u00e1til para terapia de presi\u00f3n negativa (TPN) que sirve para el tratamiento de heridas agudas y cr\u00f3nicas<\/p>\n","protected":false},"featured_media":430,"template":"","meta":[],"product_brand":[],"product_cat":[24],"product_tag":[26],"class_list":{"0":"post-443","1":"product","2":"type-product","3":"status-publish","4":"has-post-thumbnail","6":"product_cat-terapia-de-presion-negativa","7":"product_tag-smithnephew","9":"first","10":"instock","11":"product-type-simple"},"_links":{"self":[{"href":"https:\/\/agenciawebguadalajara.com\/emb\/wp-json\/wp\/v2\/product\/443","targetHints":{"allow":["GET"]}}],"collection":[{"href":"https:\/\/agenciawebguadalajara.com\/emb\/wp-json\/wp\/v2\/product"}],"about":[{"href":"https:\/\/agenciawebguadalajara.com\/emb\/wp-json\/wp\/v2\/types\/product"}],"version-history":[{"count":1,"href":"https:\/\/agenciawebguadalajara.com\/emb\/wp-json\/wp\/v2\/product\/443\/revisions"}],"predecessor-version":[{"id":444,"href":"https:\/\/agenciawebguadalajara.com\/emb\/wp-json\/wp\/v2\/product\/443\/revisions\/444"}],"wp:featuredmedia":[{"embeddable":true,"href":"https:\/\/agenciawebguadalajara.com\/emb\/wp-json\/wp\/v2\/media\/430"}],"wp:attachment":[{"href":"https:\/\/agenciawebguadalajara.com\/emb\/wp-json\/wp\/v2\/media?parent=443"}],"wp:term":[{"taxonomy":"product_brand","embeddable":true,"href":"https:\/\/agenciawebguadalajara.com\/emb\/wp-json\/wp\/v2\/product_brand?post=443"},{"taxonomy":"product_cat","embeddable":true,"href":"https:\/\/agenciawebguadalajara.com\/emb\/wp-json\/wp\/v2\/product_cat?post=443"},{"taxonomy":"product_tag","embeddable":true,"href":"https:\/\/agenciawebguadalajara.com\/emb\/wp-json\/wp\/v2\/product_tag?post=443"}],"curies":[{"name":"wp","href":"https:\/\/api.w.org\/{rel}","templated":true}]}}