{"id":445,"date":"2025-11-26T22:52:09","date_gmt":"2025-11-26T22:52:09","guid":{"rendered":"https:\/\/agenciawebguadalajara.com\/emb\/producto\/renasys-ez-plus\/"},"modified":"2025-11-26T22:52:10","modified_gmt":"2025-11-26T22:52:10","slug":"renasys-ez-plus","status":"publish","type":"product","link":"https:\/\/agenciawebguadalajara.com\/emb\/producto\/renasys-ez-plus\/","title":{"rendered":"Renasys Ez Plus"},"content":{"rendered":"<p>El RENASYS EZ PLUS es un sistema de terapia de presi\u00f3n negativa (TPN) que se utiliza para tratar heridas, ya sean agudas o cr\u00f3nicas, mediante la aplicaci\u00f3n de succi\u00f3n para promover la cicatrizaci\u00f3n. Facilita la eliminaci\u00f3n de fluidos y exudados, y crea un ambiente h\u00famedo y protegido que ayuda a acelerar la curaci\u00f3n.<\/p>\n","protected":false},"excerpt":{"rendered":"<p>\u00a0Se utiliza para ayudar a cerrar heridas cr\u00f3nicas o agudas<\/p>\n","protected":false},"featured_media":429,"template":"","meta":[],"product_brand":[],"product_cat":[24],"product_tag":[26],"class_list":{"0":"post-445","1":"product","2":"type-product","3":"status-publish","4":"has-post-thumbnail","6":"product_cat-terapia-de-presion-negativa","7":"product_tag-smithnephew","9":"first","10":"instock","11":"product-type-simple"},"_links":{"self":[{"href":"https:\/\/agenciawebguadalajara.com\/emb\/wp-json\/wp\/v2\/product\/445","targetHints":{"allow":["GET"]}}],"collection":[{"href":"https:\/\/agenciawebguadalajara.com\/emb\/wp-json\/wp\/v2\/product"}],"about":[{"href":"https:\/\/agenciawebguadalajara.com\/emb\/wp-json\/wp\/v2\/types\/product"}],"version-history":[{"count":1,"href":"https:\/\/agenciawebguadalajara.com\/emb\/wp-json\/wp\/v2\/product\/445\/revisions"}],"predecessor-version":[{"id":446,"href":"https:\/\/agenciawebguadalajara.com\/emb\/wp-json\/wp\/v2\/product\/445\/revisions\/446"}],"wp:featuredmedia":[{"embeddable":true,"href":"https:\/\/agenciawebguadalajara.com\/emb\/wp-json\/wp\/v2\/media\/429"}],"wp:attachment":[{"href":"https:\/\/agenciawebguadalajara.com\/emb\/wp-json\/wp\/v2\/media?parent=445"}],"wp:term":[{"taxonomy":"product_brand","embeddable":true,"href":"https:\/\/agenciawebguadalajara.com\/emb\/wp-json\/wp\/v2\/product_brand?post=445"},{"taxonomy":"product_cat","embeddable":true,"href":"https:\/\/agenciawebguadalajara.com\/emb\/wp-json\/wp\/v2\/product_cat?post=445"},{"taxonomy":"product_tag","embeddable":true,"href":"https:\/\/agenciawebguadalajara.com\/emb\/wp-json\/wp\/v2\/product_tag?post=445"}],"curies":[{"name":"wp","href":"https:\/\/api.w.org\/{rel}","templated":true}]}}