{"id":447,"date":"2025-11-26T22:52:09","date_gmt":"2025-11-26T22:52:09","guid":{"rendered":"https:\/\/agenciawebguadalajara.com\/emb\/producto\/versajet\/"},"modified":"2025-11-26T22:52:10","modified_gmt":"2025-11-26T22:52:10","slug":"versajet","status":"publish","type":"product","link":"https:\/\/agenciawebguadalajara.com\/emb\/producto\/versajet\/","title":{"rendered":"Versajet"},"content":{"rendered":"<p>La m\u00e1quina Versajet es un sistema de hidrocirug\u00eda utilizado para el desbridamiento de heridas y la limpieza del sitio quir\u00fargico. Funciona mediante un chorro de soluci\u00f3n salina a alta velocidad que permite eliminar tejido no viable, como el tejido necr\u00f3tico, de manera precisa y selectiva, al tiempo que aspira los residuos. Esto ayuda a preparar el lecho de la herida para la cicatrizaci\u00f3n o injertos.<\/p>\n","protected":false},"excerpt":{"rendered":"<p>El\u00a0Versajet\u00a0es un sistema de\u00a0hidrocirug\u00eda\u00a0que\u00a0se usa para el desbridamiento de heridas<\/p>\n","protected":false},"featured_media":432,"template":"","meta":[],"product_brand":[],"product_cat":[24],"product_tag":[26],"class_list":{"0":"post-447","1":"product","2":"type-product","3":"status-publish","4":"has-post-thumbnail","6":"product_cat-terapia-de-presion-negativa","7":"product_tag-smithnephew","9":"first","10":"instock","11":"product-type-simple"},"_links":{"self":[{"href":"https:\/\/agenciawebguadalajara.com\/emb\/wp-json\/wp\/v2\/product\/447","targetHints":{"allow":["GET"]}}],"collection":[{"href":"https:\/\/agenciawebguadalajara.com\/emb\/wp-json\/wp\/v2\/product"}],"about":[{"href":"https:\/\/agenciawebguadalajara.com\/emb\/wp-json\/wp\/v2\/types\/product"}],"version-history":[{"count":1,"href":"https:\/\/agenciawebguadalajara.com\/emb\/wp-json\/wp\/v2\/product\/447\/revisions"}],"predecessor-version":[{"id":448,"href":"https:\/\/agenciawebguadalajara.com\/emb\/wp-json\/wp\/v2\/product\/447\/revisions\/448"}],"wp:featuredmedia":[{"embeddable":true,"href":"https:\/\/agenciawebguadalajara.com\/emb\/wp-json\/wp\/v2\/media\/432"}],"wp:attachment":[{"href":"https:\/\/agenciawebguadalajara.com\/emb\/wp-json\/wp\/v2\/media?parent=447"}],"wp:term":[{"taxonomy":"product_brand","embeddable":true,"href":"https:\/\/agenciawebguadalajara.com\/emb\/wp-json\/wp\/v2\/product_brand?post=447"},{"taxonomy":"product_cat","embeddable":true,"href":"https:\/\/agenciawebguadalajara.com\/emb\/wp-json\/wp\/v2\/product_cat?post=447"},{"taxonomy":"product_tag","embeddable":true,"href":"https:\/\/agenciawebguadalajara.com\/emb\/wp-json\/wp\/v2\/product_tag?post=447"}],"curies":[{"name":"wp","href":"https:\/\/api.w.org\/{rel}","templated":true}]}}