{"id":449,"date":"2025-11-26T22:52:09","date_gmt":"2025-11-26T22:52:09","guid":{"rendered":"https:\/\/agenciawebguadalajara.com\/emb\/producto\/icon-core\/"},"modified":"2025-11-26T22:52:10","modified_gmt":"2025-11-26T22:52:10","slug":"icon-core","status":"publish","type":"product","link":"https:\/\/agenciawebguadalajara.com\/emb\/producto\/icon-core\/","title":{"rendered":"ICON CORE"},"content":{"rendered":"<p>ICON Core de Osypka Medical es un monitor no invasivo de gasto card\u00edaco que utiliza la cardiotomograf\u00eda por bioimpedancia el\u00e9ctrica (Electrical Cardiometry\u00ae). Mide par\u00e1metros hemodin\u00e1micos como gasto card\u00edaco, volumen sist\u00f3lico, resistencia vascular sist\u00e9mica y variabilidad del pulso, a trav\u00e9s de electrodos colocados en la piel. Es compacto, f\u00e1cil de usar y permite una monitorizaci\u00f3n continua y segura sin necesidad de cat\u00e9teres invasivos.<\/p>\n","protected":false},"excerpt":{"rendered":"<p>Es un monitor no invasivo que mide el gasto card\u00edaco y otros par\u00e1metros hemodin\u00e1micos mediante bioimpedancia el\u00e9ctrica, ofreciendo una evaluaci\u00f3n continua y segura del estado cardiovascular del paciente.<\/p>\n","protected":false},"featured_media":426,"template":"","meta":[],"product_brand":[],"product_cat":[27],"product_tag":[28],"class_list":{"0":"post-449","1":"product","2":"type-product","3":"status-publish","4":"has-post-thumbnail","6":"product_cat-monitoreo-hemodinamico-invasivo-2","7":"product_tag-osypka","9":"first","10":"instock","11":"product-type-simple"},"_links":{"self":[{"href":"https:\/\/agenciawebguadalajara.com\/emb\/wp-json\/wp\/v2\/product\/449","targetHints":{"allow":["GET"]}}],"collection":[{"href":"https:\/\/agenciawebguadalajara.com\/emb\/wp-json\/wp\/v2\/product"}],"about":[{"href":"https:\/\/agenciawebguadalajara.com\/emb\/wp-json\/wp\/v2\/types\/product"}],"version-history":[{"count":1,"href":"https:\/\/agenciawebguadalajara.com\/emb\/wp-json\/wp\/v2\/product\/449\/revisions"}],"predecessor-version":[{"id":450,"href":"https:\/\/agenciawebguadalajara.com\/emb\/wp-json\/wp\/v2\/product\/449\/revisions\/450"}],"wp:featuredmedia":[{"embeddable":true,"href":"https:\/\/agenciawebguadalajara.com\/emb\/wp-json\/wp\/v2\/media\/426"}],"wp:attachment":[{"href":"https:\/\/agenciawebguadalajara.com\/emb\/wp-json\/wp\/v2\/media?parent=449"}],"wp:term":[{"taxonomy":"product_brand","embeddable":true,"href":"https:\/\/agenciawebguadalajara.com\/emb\/wp-json\/wp\/v2\/product_brand?post=449"},{"taxonomy":"product_cat","embeddable":true,"href":"https:\/\/agenciawebguadalajara.com\/emb\/wp-json\/wp\/v2\/product_cat?post=449"},{"taxonomy":"product_tag","embeddable":true,"href":"https:\/\/agenciawebguadalajara.com\/emb\/wp-json\/wp\/v2\/product_tag?post=449"}],"curies":[{"name":"wp","href":"https:\/\/api.w.org\/{rel}","templated":true}]}}