{"id":840,"date":"2025-11-26T23:37:13","date_gmt":"2025-11-26T23:37:13","guid":{"rendered":"https:\/\/agenciawebguadalajara.com\/emb\/producto\/sensor-o3-nar-rs02\/"},"modified":"2025-11-26T23:37:14","modified_gmt":"2025-11-26T23:37:14","slug":"sensor-o3-nar-rs02","status":"publish","type":"product","link":"https:\/\/agenciawebguadalajara.com\/emb\/producto\/sensor-o3-nar-rs02\/","title":{"rendered":"SENSOR O3 NAR \/ RS02"},"content":{"rendered":"<p>Se utiliza para monitorizar la oxigenaci\u00f3n cerebral, especialmente en situaciones donde la oximetr\u00eda de pulso (SpO2) puede no ser un indicador completo de la oxigenaci\u00f3n cerebral. Este sensor, que se coloca en la frente del beb\u00e9, utiliza la espectroscopia cercana al infrarrojo (NIRS) para medir la saturaci\u00f3n regional de ox\u00edgeno (rSO2) en el cerebro.<\/p>\n","protected":false},"excerpt":{"rendered":"<p>Monitoriza la oxigenacion cerebral para neonatales<\/p>\n","protected":false},"featured_media":534,"template":"","meta":[],"product_brand":[],"product_cat":[32],"product_tag":[20],"class_list":{"0":"post-840","1":"product","2":"type-product","3":"status-publish","4":"has-post-thumbnail","6":"product_cat-insumo-medico","7":"product_tag-masimo","9":"first","10":"instock","11":"product-type-simple"},"_links":{"self":[{"href":"https:\/\/agenciawebguadalajara.com\/emb\/wp-json\/wp\/v2\/product\/840","targetHints":{"allow":["GET"]}}],"collection":[{"href":"https:\/\/agenciawebguadalajara.com\/emb\/wp-json\/wp\/v2\/product"}],"about":[{"href":"https:\/\/agenciawebguadalajara.com\/emb\/wp-json\/wp\/v2\/types\/product"}],"version-history":[{"count":1,"href":"https:\/\/agenciawebguadalajara.com\/emb\/wp-json\/wp\/v2\/product\/840\/revisions"}],"predecessor-version":[{"id":841,"href":"https:\/\/agenciawebguadalajara.com\/emb\/wp-json\/wp\/v2\/product\/840\/revisions\/841"}],"wp:featuredmedia":[{"embeddable":true,"href":"https:\/\/agenciawebguadalajara.com\/emb\/wp-json\/wp\/v2\/media\/534"}],"wp:attachment":[{"href":"https:\/\/agenciawebguadalajara.com\/emb\/wp-json\/wp\/v2\/media?parent=840"}],"wp:term":[{"taxonomy":"product_brand","embeddable":true,"href":"https:\/\/agenciawebguadalajara.com\/emb\/wp-json\/wp\/v2\/product_brand?post=840"},{"taxonomy":"product_cat","embeddable":true,"href":"https:\/\/agenciawebguadalajara.com\/emb\/wp-json\/wp\/v2\/product_cat?post=840"},{"taxonomy":"product_tag","embeddable":true,"href":"https:\/\/agenciawebguadalajara.com\/emb\/wp-json\/wp\/v2\/product_tag?post=840"}],"curies":[{"name":"wp","href":"https:\/\/api.w.org\/{rel}","templated":true}]}}