{"id":844,"date":"2025-11-26T23:37:13","date_gmt":"2025-11-26T23:37:13","guid":{"rendered":"https:\/\/agenciawebguadalajara.com\/emb\/producto\/sedline-ped\/"},"modified":"2025-11-26T23:37:14","modified_gmt":"2025-11-26T23:37:14","slug":"sedline-ped","status":"publish","type":"product","link":"https:\/\/agenciawebguadalajara.com\/emb\/producto\/sedline-ped\/","title":{"rendered":"SEDLINE PED."},"content":{"rendered":"<p>Utiliza 4 canales de informaci\u00f3n, mide los efectos de la anestesia y la sedaci\u00f3n mediante la monitorizaci\u00f3n de la actividad el\u00e9ctrica de ambos lados del cerebro para permitir un ajuste m\u00e1s individualizado y mejorar la atenci\u00f3n de los pacientes bajo anestesia o sedaci\u00f3n.<\/p>\n","protected":false},"excerpt":{"rendered":"<p>Mide los efectos de la anestecia<\/p>\n","protected":false},"featured_media":560,"template":"","meta":[],"product_brand":[],"product_cat":[32],"product_tag":[20],"class_list":{"0":"post-844","1":"product","2":"type-product","3":"status-publish","4":"has-post-thumbnail","6":"product_cat-insumo-medico","7":"product_tag-masimo","9":"first","10":"instock","11":"product-type-simple"},"_links":{"self":[{"href":"https:\/\/agenciawebguadalajara.com\/emb\/wp-json\/wp\/v2\/product\/844","targetHints":{"allow":["GET"]}}],"collection":[{"href":"https:\/\/agenciawebguadalajara.com\/emb\/wp-json\/wp\/v2\/product"}],"about":[{"href":"https:\/\/agenciawebguadalajara.com\/emb\/wp-json\/wp\/v2\/types\/product"}],"version-history":[{"count":1,"href":"https:\/\/agenciawebguadalajara.com\/emb\/wp-json\/wp\/v2\/product\/844\/revisions"}],"predecessor-version":[{"id":845,"href":"https:\/\/agenciawebguadalajara.com\/emb\/wp-json\/wp\/v2\/product\/844\/revisions\/845"}],"wp:featuredmedia":[{"embeddable":true,"href":"https:\/\/agenciawebguadalajara.com\/emb\/wp-json\/wp\/v2\/media\/560"}],"wp:attachment":[{"href":"https:\/\/agenciawebguadalajara.com\/emb\/wp-json\/wp\/v2\/media?parent=844"}],"wp:term":[{"taxonomy":"product_brand","embeddable":true,"href":"https:\/\/agenciawebguadalajara.com\/emb\/wp-json\/wp\/v2\/product_brand?post=844"},{"taxonomy":"product_cat","embeddable":true,"href":"https:\/\/agenciawebguadalajara.com\/emb\/wp-json\/wp\/v2\/product_cat?post=844"},{"taxonomy":"product_tag","embeddable":true,"href":"https:\/\/agenciawebguadalajara.com\/emb\/wp-json\/wp\/v2\/product_tag?post=844"}],"curies":[{"name":"wp","href":"https:\/\/api.w.org\/{rel}","templated":true}]}}