{"id":846,"date":"2025-11-26T23:37:13","date_gmt":"2025-11-26T23:37:13","guid":{"rendered":"https:\/\/agenciawebguadalajara.com\/emb\/producto\/sensor-rd\/"},"modified":"2025-11-26T23:37:14","modified_gmt":"2025-11-26T23:37:14","slug":"sensor-rd","status":"publish","type":"product","link":"https:\/\/agenciawebguadalajara.com\/emb\/producto\/sensor-rd\/","title":{"rendered":"SENSOR RD"},"content":{"rendered":"<p>Para una monitorizaci\u00f3n precisa de la saturaci\u00f3n de ox\u00edgeno y la frecuencia card\u00edaca, incluso en condiciones de movimiento o baja perfusi\u00f3n<\/p>\n","protected":false},"excerpt":{"rendered":"<p>Sensores de oximetr\u00eda de pulso desechables dise\u00f1ados para monitorear la saturaci\u00f3n de ox\u00edgeno ((SpO_{2})) en pacientes neonatos (menores de 3 kg)<\/p>\n","protected":false},"featured_media":551,"template":"","meta":[],"product_brand":[],"product_cat":[32],"product_tag":[20],"class_list":{"0":"post-846","1":"product","2":"type-product","3":"status-publish","4":"has-post-thumbnail","6":"product_cat-insumo-medico","7":"product_tag-masimo","9":"first","10":"instock","11":"product-type-simple"},"_links":{"self":[{"href":"https:\/\/agenciawebguadalajara.com\/emb\/wp-json\/wp\/v2\/product\/846","targetHints":{"allow":["GET"]}}],"collection":[{"href":"https:\/\/agenciawebguadalajara.com\/emb\/wp-json\/wp\/v2\/product"}],"about":[{"href":"https:\/\/agenciawebguadalajara.com\/emb\/wp-json\/wp\/v2\/types\/product"}],"version-history":[{"count":1,"href":"https:\/\/agenciawebguadalajara.com\/emb\/wp-json\/wp\/v2\/product\/846\/revisions"}],"predecessor-version":[{"id":847,"href":"https:\/\/agenciawebguadalajara.com\/emb\/wp-json\/wp\/v2\/product\/846\/revisions\/847"}],"wp:featuredmedia":[{"embeddable":true,"href":"https:\/\/agenciawebguadalajara.com\/emb\/wp-json\/wp\/v2\/media\/551"}],"wp:attachment":[{"href":"https:\/\/agenciawebguadalajara.com\/emb\/wp-json\/wp\/v2\/media?parent=846"}],"wp:term":[{"taxonomy":"product_brand","embeddable":true,"href":"https:\/\/agenciawebguadalajara.com\/emb\/wp-json\/wp\/v2\/product_brand?post=846"},{"taxonomy":"product_cat","embeddable":true,"href":"https:\/\/agenciawebguadalajara.com\/emb\/wp-json\/wp\/v2\/product_cat?post=846"},{"taxonomy":"product_tag","embeddable":true,"href":"https:\/\/agenciawebguadalajara.com\/emb\/wp-json\/wp\/v2\/product_tag?post=846"}],"curies":[{"name":"wp","href":"https:\/\/api.w.org\/{rel}","templated":true}]}}