{"id":852,"date":"2025-11-26T23:37:13","date_gmt":"2025-11-26T23:37:13","guid":{"rendered":"https:\/\/agenciawebguadalajara.com\/emb\/producto\/truwabe\/"},"modified":"2025-11-26T23:37:14","modified_gmt":"2025-11-26T23:37:14","slug":"truwabe","status":"publish","type":"product","link":"https:\/\/agenciawebguadalajara.com\/emb\/producto\/truwabe\/","title":{"rendered":"TRUWABE"},"content":{"rendered":"<p>Sistema de monitoreo de presi\u00f3n que se utiliza para medir la presi\u00f3n arterial, la presi\u00f3n intravascular, la presi\u00f3n intracraneal o la presi\u00f3n intrauterina en pacientes. Estos sistemas est\u00e1n dise\u00f1ados para proporcionar una monitorizaci\u00f3n precisa y segura.<\/p>\n","protected":false},"excerpt":{"rendered":"<p>Monitoreo de presion arterial<\/p>\n","protected":false},"featured_media":577,"template":"","meta":[],"product_brand":[],"product_cat":[32],"product_tag":[23],"class_list":{"0":"post-852","1":"product","2":"type-product","3":"status-publish","4":"has-post-thumbnail","6":"product_cat-insumo-medico","7":"product_tag-edwars","9":"first","10":"instock","11":"product-type-simple"},"_links":{"self":[{"href":"https:\/\/agenciawebguadalajara.com\/emb\/wp-json\/wp\/v2\/product\/852","targetHints":{"allow":["GET"]}}],"collection":[{"href":"https:\/\/agenciawebguadalajara.com\/emb\/wp-json\/wp\/v2\/product"}],"about":[{"href":"https:\/\/agenciawebguadalajara.com\/emb\/wp-json\/wp\/v2\/types\/product"}],"version-history":[{"count":1,"href":"https:\/\/agenciawebguadalajara.com\/emb\/wp-json\/wp\/v2\/product\/852\/revisions"}],"predecessor-version":[{"id":853,"href":"https:\/\/agenciawebguadalajara.com\/emb\/wp-json\/wp\/v2\/product\/852\/revisions\/853"}],"wp:featuredmedia":[{"embeddable":true,"href":"https:\/\/agenciawebguadalajara.com\/emb\/wp-json\/wp\/v2\/media\/577"}],"wp:attachment":[{"href":"https:\/\/agenciawebguadalajara.com\/emb\/wp-json\/wp\/v2\/media?parent=852"}],"wp:term":[{"taxonomy":"product_brand","embeddable":true,"href":"https:\/\/agenciawebguadalajara.com\/emb\/wp-json\/wp\/v2\/product_brand?post=852"},{"taxonomy":"product_cat","embeddable":true,"href":"https:\/\/agenciawebguadalajara.com\/emb\/wp-json\/wp\/v2\/product_cat?post=852"},{"taxonomy":"product_tag","embeddable":true,"href":"https:\/\/agenciawebguadalajara.com\/emb\/wp-json\/wp\/v2\/product_tag?post=852"}],"curies":[{"name":"wp","href":"https:\/\/api.w.org\/{rel}","templated":true}]}}