{"id":854,"date":"2025-11-26T23:37:13","date_gmt":"2025-11-26T23:37:13","guid":{"rendered":"https:\/\/agenciawebguadalajara.com\/emb\/producto\/flotrac\/"},"modified":"2025-11-26T23:37:14","modified_gmt":"2025-11-26T23:37:14","slug":"flotrac","status":"publish","type":"product","link":"https:\/\/agenciawebguadalajara.com\/emb\/producto\/flotrac\/","title":{"rendered":"FLOTRAC"},"content":{"rendered":"<p>Es un sistema de monitorizaci\u00f3n hemodin\u00e1mica que proporciona informaci\u00f3n sobre el rendimiento card\u00edaco y el flujo sangu\u00edneo. Se utiliza para guiar la administraci\u00f3n de l\u00edquidos, evaluar la inestabilidad hemodin\u00e1mica y optimizar el tratamiento de pacientes cr\u00edticos.<\/p>\n","protected":false},"excerpt":{"rendered":"<p>Monitorizacion que proporciona informacion del rendimiento cardiaco<\/p>\n","protected":false},"featured_media":0,"template":"","meta":[],"product_brand":[],"product_cat":[32],"product_tag":[23],"class_list":{"0":"post-854","1":"product","2":"type-product","3":"status-publish","5":"product_cat-insumo-medico","6":"product_tag-edwars","8":"first","9":"instock","10":"product-type-simple"},"_links":{"self":[{"href":"https:\/\/agenciawebguadalajara.com\/emb\/wp-json\/wp\/v2\/product\/854","targetHints":{"allow":["GET"]}}],"collection":[{"href":"https:\/\/agenciawebguadalajara.com\/emb\/wp-json\/wp\/v2\/product"}],"about":[{"href":"https:\/\/agenciawebguadalajara.com\/emb\/wp-json\/wp\/v2\/types\/product"}],"version-history":[{"count":1,"href":"https:\/\/agenciawebguadalajara.com\/emb\/wp-json\/wp\/v2\/product\/854\/revisions"}],"predecessor-version":[{"id":855,"href":"https:\/\/agenciawebguadalajara.com\/emb\/wp-json\/wp\/v2\/product\/854\/revisions\/855"}],"wp:attachment":[{"href":"https:\/\/agenciawebguadalajara.com\/emb\/wp-json\/wp\/v2\/media?parent=854"}],"wp:term":[{"taxonomy":"product_brand","embeddable":true,"href":"https:\/\/agenciawebguadalajara.com\/emb\/wp-json\/wp\/v2\/product_brand?post=854"},{"taxonomy":"product_cat","embeddable":true,"href":"https:\/\/agenciawebguadalajara.com\/emb\/wp-json\/wp\/v2\/product_cat?post=854"},{"taxonomy":"product_tag","embeddable":true,"href":"https:\/\/agenciawebguadalajara.com\/emb\/wp-json\/wp\/v2\/product_tag?post=854"}],"curies":[{"name":"wp","href":"https:\/\/api.w.org\/{rel}","templated":true}]}}