{"id":856,"date":"2025-11-26T23:37:13","date_gmt":"2025-11-26T23:37:13","guid":{"rendered":"https:\/\/agenciawebguadalajara.com\/emb\/producto\/volumeview\/"},"modified":"2025-11-26T23:37:15","modified_gmt":"2025-11-26T23:37:15","slug":"volumeview","status":"publish","type":"product","link":"https:\/\/agenciawebguadalajara.com\/emb\/producto\/volumeview\/","title":{"rendered":"VOLUMEVIEW"},"content":{"rendered":"<p>Se utiliza para visualizar par\u00e1metros volum\u00e9tricos y hemodin\u00e1micos avanzados de un paciente, lo que permite a los m\u00e9dicos tomar decisiones m\u00e1s informadas sobre el manejo de fluidos y la terapia de pacientes cr\u00edticos. En esencia, ayuda a entender mejor el estado fisiol\u00f3gico del paciente, incluyendo la evaluaci\u00f3n del agua pulmonar extravascular<\/p>\n","protected":false},"excerpt":{"rendered":"<p>Visualiza parametros volumetricos y hemodinamicos<\/p>\n","protected":false},"featured_media":582,"template":"","meta":[],"product_brand":[],"product_cat":[32],"product_tag":[23],"class_list":{"0":"post-856","1":"product","2":"type-product","3":"status-publish","4":"has-post-thumbnail","6":"product_cat-insumo-medico","7":"product_tag-edwars","9":"first","10":"instock","11":"product-type-simple"},"_links":{"self":[{"href":"https:\/\/agenciawebguadalajara.com\/emb\/wp-json\/wp\/v2\/product\/856","targetHints":{"allow":["GET"]}}],"collection":[{"href":"https:\/\/agenciawebguadalajara.com\/emb\/wp-json\/wp\/v2\/product"}],"about":[{"href":"https:\/\/agenciawebguadalajara.com\/emb\/wp-json\/wp\/v2\/types\/product"}],"version-history":[{"count":1,"href":"https:\/\/agenciawebguadalajara.com\/emb\/wp-json\/wp\/v2\/product\/856\/revisions"}],"predecessor-version":[{"id":857,"href":"https:\/\/agenciawebguadalajara.com\/emb\/wp-json\/wp\/v2\/product\/856\/revisions\/857"}],"wp:featuredmedia":[{"embeddable":true,"href":"https:\/\/agenciawebguadalajara.com\/emb\/wp-json\/wp\/v2\/media\/582"}],"wp:attachment":[{"href":"https:\/\/agenciawebguadalajara.com\/emb\/wp-json\/wp\/v2\/media?parent=856"}],"wp:term":[{"taxonomy":"product_brand","embeddable":true,"href":"https:\/\/agenciawebguadalajara.com\/emb\/wp-json\/wp\/v2\/product_brand?post=856"},{"taxonomy":"product_cat","embeddable":true,"href":"https:\/\/agenciawebguadalajara.com\/emb\/wp-json\/wp\/v2\/product_cat?post=856"},{"taxonomy":"product_tag","embeddable":true,"href":"https:\/\/agenciawebguadalajara.com\/emb\/wp-json\/wp\/v2\/product_tag?post=856"}],"curies":[{"name":"wp","href":"https:\/\/api.w.org\/{rel}","templated":true}]}}