{"id":858,"date":"2025-11-26T23:37:13","date_gmt":"2025-11-26T23:37:13","guid":{"rendered":"https:\/\/agenciawebguadalajara.com\/emb\/producto\/picc-health-line-5f\/"},"modified":"2025-11-26T23:37:15","modified_gmt":"2025-11-26T23:37:15","slug":"picc-health-line-5f","status":"publish","type":"product","link":"https:\/\/agenciawebguadalajara.com\/emb\/producto\/picc-health-line-5f\/","title":{"rendered":"PICC HEALTH LINE 5F"},"content":{"rendered":"<p>Se utiliza para acceder a las venas centrales grandes cerca del coraz\u00f3n. Permite la administraci\u00f3n prolongada de medicamentos, l\u00edquidos y otros tratamientos, como la quimioterapia, la di\u00e1lisis o la nutrici\u00f3n parenteral.<\/p>\n","protected":false},"excerpt":{"rendered":"<p>Facilita acceder a las venas centrales<\/p>\n","protected":false},"featured_media":537,"template":"","meta":[],"product_brand":[],"product_cat":[32],"product_tag":[35],"class_list":{"0":"post-858","1":"product","2":"type-product","3":"status-publish","4":"has-post-thumbnail","6":"product_cat-insumo-medico","7":"product_tag-healthline","9":"first","10":"instock","11":"product-type-simple"},"_links":{"self":[{"href":"https:\/\/agenciawebguadalajara.com\/emb\/wp-json\/wp\/v2\/product\/858","targetHints":{"allow":["GET"]}}],"collection":[{"href":"https:\/\/agenciawebguadalajara.com\/emb\/wp-json\/wp\/v2\/product"}],"about":[{"href":"https:\/\/agenciawebguadalajara.com\/emb\/wp-json\/wp\/v2\/types\/product"}],"version-history":[{"count":1,"href":"https:\/\/agenciawebguadalajara.com\/emb\/wp-json\/wp\/v2\/product\/858\/revisions"}],"predecessor-version":[{"id":859,"href":"https:\/\/agenciawebguadalajara.com\/emb\/wp-json\/wp\/v2\/product\/858\/revisions\/859"}],"wp:featuredmedia":[{"embeddable":true,"href":"https:\/\/agenciawebguadalajara.com\/emb\/wp-json\/wp\/v2\/media\/537"}],"wp:attachment":[{"href":"https:\/\/agenciawebguadalajara.com\/emb\/wp-json\/wp\/v2\/media?parent=858"}],"wp:term":[{"taxonomy":"product_brand","embeddable":true,"href":"https:\/\/agenciawebguadalajara.com\/emb\/wp-json\/wp\/v2\/product_brand?post=858"},{"taxonomy":"product_cat","embeddable":true,"href":"https:\/\/agenciawebguadalajara.com\/emb\/wp-json\/wp\/v2\/product_cat?post=858"},{"taxonomy":"product_tag","embeddable":true,"href":"https:\/\/agenciawebguadalajara.com\/emb\/wp-json\/wp\/v2\/product_tag?post=858"}],"curies":[{"name":"wp","href":"https:\/\/api.w.org\/{rel}","templated":true}]}}