{"id":870,"date":"2025-11-26T23:37:13","date_gmt":"2025-11-26T23:37:13","guid":{"rendered":"https:\/\/agenciawebguadalajara.com\/emb\/producto\/kit-foam-ch\/"},"modified":"2025-11-26T23:37:15","modified_gmt":"2025-11-26T23:37:15","slug":"kit-foam-ch","status":"publish","type":"product","link":"https:\/\/agenciawebguadalajara.com\/emb\/producto\/kit-foam-ch\/","title":{"rendered":"KIT FOAM  CH"},"content":{"rendered":"<p>Se utiliza para la terapia de heridas con presi\u00f3n negativa (TPN), una t\u00e9cnica que ayuda a la cicatrizaci\u00f3n de heridas cr\u00f3nicas y dif\u00edciles de cicatrizar. Este kit est\u00e1 dise\u00f1ado para ser usado con sistemas de TPN, como RENASYS EDGE, RENASYS TOUCH o RENASYS GO, y ayuda a eliminar el exudado de la herida, promueve la formaci\u00f3n de tejido de granulaci\u00f3n y prepara la herida para el cierre.<\/p>\n","protected":false},"excerpt":{"rendered":"<p>Dise\u00f1ado para ser usado con sistema TPN<\/p>\n","protected":false},"featured_media":523,"template":"","meta":[],"product_brand":[],"product_cat":[32],"product_tag":[26],"class_list":{"0":"post-870","1":"product","2":"type-product","3":"status-publish","4":"has-post-thumbnail","6":"product_cat-insumo-medico","7":"product_tag-smithnephew","9":"first","10":"instock","11":"product-type-simple"},"_links":{"self":[{"href":"https:\/\/agenciawebguadalajara.com\/emb\/wp-json\/wp\/v2\/product\/870","targetHints":{"allow":["GET"]}}],"collection":[{"href":"https:\/\/agenciawebguadalajara.com\/emb\/wp-json\/wp\/v2\/product"}],"about":[{"href":"https:\/\/agenciawebguadalajara.com\/emb\/wp-json\/wp\/v2\/types\/product"}],"version-history":[{"count":1,"href":"https:\/\/agenciawebguadalajara.com\/emb\/wp-json\/wp\/v2\/product\/870\/revisions"}],"predecessor-version":[{"id":871,"href":"https:\/\/agenciawebguadalajara.com\/emb\/wp-json\/wp\/v2\/product\/870\/revisions\/871"}],"wp:featuredmedia":[{"embeddable":true,"href":"https:\/\/agenciawebguadalajara.com\/emb\/wp-json\/wp\/v2\/media\/523"}],"wp:attachment":[{"href":"https:\/\/agenciawebguadalajara.com\/emb\/wp-json\/wp\/v2\/media?parent=870"}],"wp:term":[{"taxonomy":"product_brand","embeddable":true,"href":"https:\/\/agenciawebguadalajara.com\/emb\/wp-json\/wp\/v2\/product_brand?post=870"},{"taxonomy":"product_cat","embeddable":true,"href":"https:\/\/agenciawebguadalajara.com\/emb\/wp-json\/wp\/v2\/product_cat?post=870"},{"taxonomy":"product_tag","embeddable":true,"href":"https:\/\/agenciawebguadalajara.com\/emb\/wp-json\/wp\/v2\/product_tag?post=870"}],"curies":[{"name":"wp","href":"https:\/\/api.w.org\/{rel}","templated":true}]}}