{"id":890,"date":"2025-11-26T23:37:17","date_gmt":"2025-11-26T23:37:17","guid":{"rendered":"https:\/\/agenciawebguadalajara.com\/emb\/producto\/renasys-ez-plus-250ml\/"},"modified":"2025-11-26T23:37:18","modified_gmt":"2025-11-26T23:37:18","slug":"renasys-ez-plus-250ml","status":"publish","type":"product","link":"https:\/\/agenciawebguadalajara.com\/emb\/producto\/renasys-ez-plus-250ml\/","title":{"rendered":"RENASYS EZ PLUS 250ml"},"content":{"rendered":"<p>Es un\u00a0recipiente recolector de l\u00edquidos\u00a0que forma parte de un sistema de terapia de presi\u00f3n negativa para el tratamiento de heridas. Sirve para recolectar de forma segura y eficiente los fluidos y exudado de heridas cr\u00f3nicas o agudas, optimizando el proceso de curaci\u00f3n al ser parte del sistema que tambi\u00e9n incluye una bomba de succi\u00f3n y ap\u00f3sitos especiales<\/p>\n","protected":false},"excerpt":{"rendered":"<p>Es un sistema de tratamiento de heridas mediante Teraia de Presi\u00f3n Negativa. El sistema consiste en una bomba de succi\u00f3n que genera presi\u00f3n negativa y diferentes tipos de drenajes y ap\u00f3sitos que se aplican seg\u00fan el tipo de herida y la cantidad de exudado.<\/p>\n","protected":false},"featured_media":555,"template":"","meta":[],"product_brand":[],"product_cat":[32],"product_tag":[26],"class_list":{"0":"post-890","1":"product","2":"type-product","3":"status-publish","4":"has-post-thumbnail","6":"product_cat-insumo-medico","7":"product_tag-smithnephew","9":"first","10":"instock","11":"product-type-simple"},"_links":{"self":[{"href":"https:\/\/agenciawebguadalajara.com\/emb\/wp-json\/wp\/v2\/product\/890","targetHints":{"allow":["GET"]}}],"collection":[{"href":"https:\/\/agenciawebguadalajara.com\/emb\/wp-json\/wp\/v2\/product"}],"about":[{"href":"https:\/\/agenciawebguadalajara.com\/emb\/wp-json\/wp\/v2\/types\/product"}],"version-history":[{"count":1,"href":"https:\/\/agenciawebguadalajara.com\/emb\/wp-json\/wp\/v2\/product\/890\/revisions"}],"predecessor-version":[{"id":891,"href":"https:\/\/agenciawebguadalajara.com\/emb\/wp-json\/wp\/v2\/product\/890\/revisions\/891"}],"wp:featuredmedia":[{"embeddable":true,"href":"https:\/\/agenciawebguadalajara.com\/emb\/wp-json\/wp\/v2\/media\/555"}],"wp:attachment":[{"href":"https:\/\/agenciawebguadalajara.com\/emb\/wp-json\/wp\/v2\/media?parent=890"}],"wp:term":[{"taxonomy":"product_brand","embeddable":true,"href":"https:\/\/agenciawebguadalajara.com\/emb\/wp-json\/wp\/v2\/product_brand?post=890"},{"taxonomy":"product_cat","embeddable":true,"href":"https:\/\/agenciawebguadalajara.com\/emb\/wp-json\/wp\/v2\/product_cat?post=890"},{"taxonomy":"product_tag","embeddable":true,"href":"https:\/\/agenciawebguadalajara.com\/emb\/wp-json\/wp\/v2\/product_tag?post=890"}],"curies":[{"name":"wp","href":"https:\/\/api.w.org\/{rel}","templated":true}]}}