{"id":892,"date":"2025-11-26T23:37:17","date_gmt":"2025-11-26T23:37:17","guid":{"rendered":"https:\/\/agenciawebguadalajara.com\/emb\/producto\/renasys-ez-plus-g-800ml\/"},"modified":"2025-11-26T23:37:18","modified_gmt":"2025-11-26T23:37:18","slug":"renasys-ez-plus-g-800ml","status":"publish","type":"product","link":"https:\/\/agenciawebguadalajara.com\/emb\/producto\/renasys-ez-plus-g-800ml\/","title":{"rendered":"RENASYS EZ PLUS G 800ml"},"content":{"rendered":"<p>Sirve para recolectar el exudado de heridas agudas o cr\u00f3nicas (como \u00falceras por presi\u00f3n o diab\u00e9ticas) y se utiliza junto con otros componentes del sistema, como la bomba de succi\u00f3n, para promover la cicatrizaci\u00f3n<\/p>\n","protected":false},"excerpt":{"rendered":"<p>El sistema consiste en una bomba de succi\u00f3n que genera presi\u00f3n negativa y diferentes tipos de drenajes y ap\u00f3sitos que se aplican seg\u00fan el tipo de herida y la cantidad de exudado<\/p>\n","protected":false},"featured_media":556,"template":"","meta":[],"product_brand":[],"product_cat":[32],"product_tag":[26],"class_list":{"0":"post-892","1":"product","2":"type-product","3":"status-publish","4":"has-post-thumbnail","6":"product_cat-insumo-medico","7":"product_tag-smithnephew","9":"first","10":"instock","11":"product-type-simple"},"_links":{"self":[{"href":"https:\/\/agenciawebguadalajara.com\/emb\/wp-json\/wp\/v2\/product\/892","targetHints":{"allow":["GET"]}}],"collection":[{"href":"https:\/\/agenciawebguadalajara.com\/emb\/wp-json\/wp\/v2\/product"}],"about":[{"href":"https:\/\/agenciawebguadalajara.com\/emb\/wp-json\/wp\/v2\/types\/product"}],"version-history":[{"count":1,"href":"https:\/\/agenciawebguadalajara.com\/emb\/wp-json\/wp\/v2\/product\/892\/revisions"}],"predecessor-version":[{"id":893,"href":"https:\/\/agenciawebguadalajara.com\/emb\/wp-json\/wp\/v2\/product\/892\/revisions\/893"}],"wp:featuredmedia":[{"embeddable":true,"href":"https:\/\/agenciawebguadalajara.com\/emb\/wp-json\/wp\/v2\/media\/556"}],"wp:attachment":[{"href":"https:\/\/agenciawebguadalajara.com\/emb\/wp-json\/wp\/v2\/media?parent=892"}],"wp:term":[{"taxonomy":"product_brand","embeddable":true,"href":"https:\/\/agenciawebguadalajara.com\/emb\/wp-json\/wp\/v2\/product_brand?post=892"},{"taxonomy":"product_cat","embeddable":true,"href":"https:\/\/agenciawebguadalajara.com\/emb\/wp-json\/wp\/v2\/product_cat?post=892"},{"taxonomy":"product_tag","embeddable":true,"href":"https:\/\/agenciawebguadalajara.com\/emb\/wp-json\/wp\/v2\/product_tag?post=892"}],"curies":[{"name":"wp","href":"https:\/\/api.w.org\/{rel}","templated":true}]}}