{"id":896,"date":"2025-11-26T23:37:17","date_gmt":"2025-11-26T23:37:17","guid":{"rendered":"https:\/\/agenciawebguadalajara.com\/emb\/producto\/bactigras\/"},"modified":"2025-11-26T23:37:18","modified_gmt":"2025-11-26T23:37:18","slug":"bactigras","status":"publish","type":"product","link":"https:\/\/agenciawebguadalajara.com\/emb\/producto\/bactigras\/","title":{"rendered":"BACTIGRAS"},"content":{"rendered":"<p>Es una\u00a0gasa parafinada\u00a0con\u00a0clorhexidina\u00a0que\u00a0sirve como ap\u00f3sito para proteger heridas y prevenir infecciones, siendo indicada para quemaduras leves, abrasiones, laceraciones, injertos y \u00falceras cr\u00f3nicas. Su funci\u00f3n principal es crear una barrera protectora que no se adhiere a la herida, permitiendo que el exudado pase a un ap\u00f3sito absorbente secundario<\/p>\n","protected":false},"excerpt":{"rendered":"<p>Ap\u00f3sito de tul parafinado est\u00e9ril de baja adherencia<\/p>\n","protected":false},"featured_media":465,"template":"","meta":[],"product_brand":[],"product_cat":[32],"product_tag":[26],"class_list":{"0":"post-896","1":"product","2":"type-product","3":"status-publish","4":"has-post-thumbnail","6":"product_cat-insumo-medico","7":"product_tag-smithnephew","9":"first","10":"instock","11":"product-type-simple"},"_links":{"self":[{"href":"https:\/\/agenciawebguadalajara.com\/emb\/wp-json\/wp\/v2\/product\/896","targetHints":{"allow":["GET"]}}],"collection":[{"href":"https:\/\/agenciawebguadalajara.com\/emb\/wp-json\/wp\/v2\/product"}],"about":[{"href":"https:\/\/agenciawebguadalajara.com\/emb\/wp-json\/wp\/v2\/types\/product"}],"version-history":[{"count":1,"href":"https:\/\/agenciawebguadalajara.com\/emb\/wp-json\/wp\/v2\/product\/896\/revisions"}],"predecessor-version":[{"id":897,"href":"https:\/\/agenciawebguadalajara.com\/emb\/wp-json\/wp\/v2\/product\/896\/revisions\/897"}],"wp:featuredmedia":[{"embeddable":true,"href":"https:\/\/agenciawebguadalajara.com\/emb\/wp-json\/wp\/v2\/media\/465"}],"wp:attachment":[{"href":"https:\/\/agenciawebguadalajara.com\/emb\/wp-json\/wp\/v2\/media?parent=896"}],"wp:term":[{"taxonomy":"product_brand","embeddable":true,"href":"https:\/\/agenciawebguadalajara.com\/emb\/wp-json\/wp\/v2\/product_brand?post=896"},{"taxonomy":"product_cat","embeddable":true,"href":"https:\/\/agenciawebguadalajara.com\/emb\/wp-json\/wp\/v2\/product_cat?post=896"},{"taxonomy":"product_tag","embeddable":true,"href":"https:\/\/agenciawebguadalajara.com\/emb\/wp-json\/wp\/v2\/product_tag?post=896"}],"curies":[{"name":"wp","href":"https:\/\/api.w.org\/{rel}","templated":true}]}}