{"id":900,"date":"2025-11-26T23:37:17","date_gmt":"2025-11-26T23:37:17","guid":{"rendered":"https:\/\/agenciawebguadalajara.com\/emb\/producto\/primafix-grande\/"},"modified":"2025-11-26T23:37:19","modified_gmt":"2025-11-26T23:37:19","slug":"primafix-grande","status":"publish","type":"product","link":"https:\/\/agenciawebguadalajara.com\/emb\/producto\/primafix-grande\/","title":{"rendered":"PRIMAFIX GRANDE"},"content":{"rendered":"<p>Un ap\u00f3sito de retenci\u00f3n hipoalerg\u00e9nico que\u00a0se usa para\u00a0fijar ap\u00f3sitos primarios\u00a0en heridas y para\u00a0asegurar cat\u00e9teres y tubos de drenaje. Sirve para asegurar vendajes en zonas del cuerpo que se mueven y contornean, como las articulaciones, sin limitar el movimiento, y es permeable al aire y al vapor de agua<\/p>\n","protected":false},"excerpt":{"rendered":"<p>Ap\u00f3sito o vendaje de retenci\u00f3n no tejido\u00a0Primafix\u00a0(fabricado por Smith &#038; Nephew)<\/p>\n","protected":false},"featured_media":548,"template":"","meta":[],"product_brand":[],"product_cat":[32],"product_tag":[26],"class_list":{"0":"post-900","1":"product","2":"type-product","3":"status-publish","4":"has-post-thumbnail","6":"product_cat-insumo-medico","7":"product_tag-smithnephew","9":"first","10":"instock","11":"product-type-simple"},"_links":{"self":[{"href":"https:\/\/agenciawebguadalajara.com\/emb\/wp-json\/wp\/v2\/product\/900","targetHints":{"allow":["GET"]}}],"collection":[{"href":"https:\/\/agenciawebguadalajara.com\/emb\/wp-json\/wp\/v2\/product"}],"about":[{"href":"https:\/\/agenciawebguadalajara.com\/emb\/wp-json\/wp\/v2\/types\/product"}],"version-history":[{"count":1,"href":"https:\/\/agenciawebguadalajara.com\/emb\/wp-json\/wp\/v2\/product\/900\/revisions"}],"predecessor-version":[{"id":901,"href":"https:\/\/agenciawebguadalajara.com\/emb\/wp-json\/wp\/v2\/product\/900\/revisions\/901"}],"wp:featuredmedia":[{"embeddable":true,"href":"https:\/\/agenciawebguadalajara.com\/emb\/wp-json\/wp\/v2\/media\/548"}],"wp:attachment":[{"href":"https:\/\/agenciawebguadalajara.com\/emb\/wp-json\/wp\/v2\/media?parent=900"}],"wp:term":[{"taxonomy":"product_brand","embeddable":true,"href":"https:\/\/agenciawebguadalajara.com\/emb\/wp-json\/wp\/v2\/product_brand?post=900"},{"taxonomy":"product_cat","embeddable":true,"href":"https:\/\/agenciawebguadalajara.com\/emb\/wp-json\/wp\/v2\/product_cat?post=900"},{"taxonomy":"product_tag","embeddable":true,"href":"https:\/\/agenciawebguadalajara.com\/emb\/wp-json\/wp\/v2\/product_tag?post=900"}],"curies":[{"name":"wp","href":"https:\/\/api.w.org\/{rel}","templated":true}]}}