{"id":902,"date":"2025-11-26T23:37:17","date_gmt":"2025-11-26T23:37:17","guid":{"rendered":"https:\/\/agenciawebguadalajara.com\/emb\/producto\/opsite-sprite\/"},"modified":"2025-11-26T23:37:19","modified_gmt":"2025-11-26T23:37:19","slug":"opsite-sprite","status":"publish","type":"product","link":"https:\/\/agenciawebguadalajara.com\/emb\/producto\/opsite-sprite\/","title":{"rendered":"OPSITE SPRITE"},"content":{"rendered":"<p>Sirve para\u00a0proteger heridas\u00a0creando una pel\u00edcula transparente, transpirable e impermeable que previene la contaminaci\u00f3n bacteriana. Se utiliza en heridas quir\u00fargicas cerradas, abrasiones, cortes, ampollas intactas y quemaduras leves, adem\u00e1s de ser \u00fatil para sellar tubos de drenaje.\u00a0<\/p>\n","protected":false},"excerpt":{"rendered":"<p>Ap\u00f3sito en aerosol de\u00a0pel\u00edcula transparente\u00a0y secado r\u00e1pido<\/p>\n","protected":false},"featured_media":535,"template":"","meta":[],"product_brand":[],"product_cat":[32],"product_tag":[26],"class_list":{"0":"post-902","1":"product","2":"type-product","3":"status-publish","4":"has-post-thumbnail","6":"product_cat-insumo-medico","7":"product_tag-smithnephew","9":"first","10":"instock","11":"product-type-simple"},"_links":{"self":[{"href":"https:\/\/agenciawebguadalajara.com\/emb\/wp-json\/wp\/v2\/product\/902","targetHints":{"allow":["GET"]}}],"collection":[{"href":"https:\/\/agenciawebguadalajara.com\/emb\/wp-json\/wp\/v2\/product"}],"about":[{"href":"https:\/\/agenciawebguadalajara.com\/emb\/wp-json\/wp\/v2\/types\/product"}],"version-history":[{"count":1,"href":"https:\/\/agenciawebguadalajara.com\/emb\/wp-json\/wp\/v2\/product\/902\/revisions"}],"predecessor-version":[{"id":903,"href":"https:\/\/agenciawebguadalajara.com\/emb\/wp-json\/wp\/v2\/product\/902\/revisions\/903"}],"wp:featuredmedia":[{"embeddable":true,"href":"https:\/\/agenciawebguadalajara.com\/emb\/wp-json\/wp\/v2\/media\/535"}],"wp:attachment":[{"href":"https:\/\/agenciawebguadalajara.com\/emb\/wp-json\/wp\/v2\/media?parent=902"}],"wp:term":[{"taxonomy":"product_brand","embeddable":true,"href":"https:\/\/agenciawebguadalajara.com\/emb\/wp-json\/wp\/v2\/product_brand?post=902"},{"taxonomy":"product_cat","embeddable":true,"href":"https:\/\/agenciawebguadalajara.com\/emb\/wp-json\/wp\/v2\/product_cat?post=902"},{"taxonomy":"product_tag","embeddable":true,"href":"https:\/\/agenciawebguadalajara.com\/emb\/wp-json\/wp\/v2\/product_tag?post=902"}],"curies":[{"name":"wp","href":"https:\/\/api.w.org\/{rel}","templated":true}]}}