{"id":904,"date":"2025-11-26T23:37:17","date_gmt":"2025-11-26T23:37:17","guid":{"rendered":"https:\/\/agenciawebguadalajara.com\/emb\/producto\/allevyn\/"},"modified":"2025-11-26T23:37:19","modified_gmt":"2025-11-26T23:37:19","slug":"allevyn","status":"publish","type":"product","link":"https:\/\/agenciawebguadalajara.com\/emb\/producto\/allevyn\/","title":{"rendered":"ALLEVYN"},"content":{"rendered":"<p>Para el tratamiento de heridas agudas y cr\u00f3nicas, como \u00falceras por presi\u00f3n, \u00falceras de pierna, pie diab\u00e9tico, quemaduras, heridas quir\u00fargicas y otras lesiones. Es un ap\u00f3sito de espuma que crea un ambiente h\u00famedo para la cicatrizaci\u00f3n, es absorbente y est\u00e1 protegido por una barrera impermeable contra bacterias. Su adhesivo de silicona suave permite una retirada sin dolor y minimiza la irritaci\u00f3n de la piel.\u00a0<\/p>\n","protected":false},"excerpt":{"rendered":"<p>Un ap\u00f3sito de espuma que crea un ambiente h\u00famedo para la cicatrizaci\u00f3n<\/p>\n","protected":false},"featured_media":459,"template":"","meta":[],"product_brand":[],"product_cat":[32],"product_tag":[26],"class_list":{"0":"post-904","1":"product","2":"type-product","3":"status-publish","4":"has-post-thumbnail","6":"product_cat-insumo-medico","7":"product_tag-smithnephew","9":"first","10":"instock","11":"product-type-simple"},"_links":{"self":[{"href":"https:\/\/agenciawebguadalajara.com\/emb\/wp-json\/wp\/v2\/product\/904","targetHints":{"allow":["GET"]}}],"collection":[{"href":"https:\/\/agenciawebguadalajara.com\/emb\/wp-json\/wp\/v2\/product"}],"about":[{"href":"https:\/\/agenciawebguadalajara.com\/emb\/wp-json\/wp\/v2\/types\/product"}],"version-history":[{"count":1,"href":"https:\/\/agenciawebguadalajara.com\/emb\/wp-json\/wp\/v2\/product\/904\/revisions"}],"predecessor-version":[{"id":905,"href":"https:\/\/agenciawebguadalajara.com\/emb\/wp-json\/wp\/v2\/product\/904\/revisions\/905"}],"wp:featuredmedia":[{"embeddable":true,"href":"https:\/\/agenciawebguadalajara.com\/emb\/wp-json\/wp\/v2\/media\/459"}],"wp:attachment":[{"href":"https:\/\/agenciawebguadalajara.com\/emb\/wp-json\/wp\/v2\/media?parent=904"}],"wp:term":[{"taxonomy":"product_brand","embeddable":true,"href":"https:\/\/agenciawebguadalajara.com\/emb\/wp-json\/wp\/v2\/product_brand?post=904"},{"taxonomy":"product_cat","embeddable":true,"href":"https:\/\/agenciawebguadalajara.com\/emb\/wp-json\/wp\/v2\/product_cat?post=904"},{"taxonomy":"product_tag","embeddable":true,"href":"https:\/\/agenciawebguadalajara.com\/emb\/wp-json\/wp\/v2\/product_tag?post=904"}],"curies":[{"name":"wp","href":"https:\/\/api.w.org\/{rel}","templated":true}]}}